{"id":98,"date":"2013-08-06T20:13:19","date_gmt":"2013-08-06T20:13:19","guid":{"rendered":"http:\/\/localhost:8888\/test\/?page_id=17"},"modified":"2022-06-28T09:19:19","modified_gmt":"2022-06-28T06:19:19","slug":"classic-shop","status":"publish","type":"page","link":"https:\/\/demo.turevmedya.com\/yvzconsept\/","title":{"rendered":"Classic Shop"},"content":{"rendered":"\n<div class=\"slider-wrapper relative\" id=\"slider-435400456\" >\n    <div class=\"slider slider-nav-circle slider-nav-large slider-nav-light slider-style-normal\"\n        data-flickity-options='{\n            \"cellAlign\": \"center\",\n            \"imagesLoaded\": true,\n            \"lazyLoad\": 1,\n            \"freeScroll\": false,\n            \"wrapAround\": true,\n            \"autoPlay\": 6000,\n            \"pauseAutoPlayOnHover\" : true,\n            \"prevNextButtons\": true,\n            \"contain\" : true,\n            \"adaptiveHeight\" : true,\n            \"dragThreshold\" : 10,\n            \"percentPosition\": true,\n            \"pageDots\": true,\n            \"rightToLeft\": false,\n            \"draggable\": true,\n            \"selectedAttraction\": 0.1,\n            \"parallax\" : 0,\n            \"friction\": 0.6        }'\n        >\n        \n\n<div class=\"row row-collapse row-full-width\"  id=\"row-105724171\">\n\n\n\t<div id=\"col-2147022348\" class=\"col medium-9 large-9\"  >\n\t\t\t\t<div class=\"col-inner\"  >\n\t\t\t\n\t\t\t\n\n\n  <div class=\"banner has-hover\" id=\"banner-579828623\">\n          <div class=\"banner-inner fill\">\n        <div class=\"banner-bg fill\" >\n            <img loading=\"lazy\" decoding=\"async\" width=\"1020\" height=\"797\" src=\"https:\/\/demo.turevmedya.com\/yvzconsept\/wp-content\/uploads\/2022\/06\/pexels-joey-342800-1024x800.jpg\" class=\"bg attachment-large size-large\" alt=\"\" \/>                        <div class=\"overlay\"><\/div>            \n                    <\/div>\n\t\t\n        <div class=\"banner-layers container\">\n            <div class=\"fill banner-link\"><\/div>            \n\n   <div id=\"text-box-2018831135\" class=\"text-box banner-layer x10 md-x10 lg-x10 y50 md-y50 lg-y50 res-text\">\n                                <div class=\"text-box-content text dark\">\n              \n              <div class=\"text-inner text-center\">\n                  \n\n\t<div id=\"text-3888623358\" class=\"text\">\n\t\t\n\n<h3 class=\"uppercase\"><strong>YA\u015eAMINIZI KOLAYLA\u015eTIRACAK<\/strong><\/h3>\n<p>E\u015fsiz tasar\u0131m ve kullan\u0131m kolayl\u0131\u011f\u0131 ile yepyeni banyo mobilyalar\u0131 sizlerle. Fonkisyonel raflar ve \u00e7ekmeceleri ile banyonuz art\u0131k daha \u015f\u0131k.<\/p>\n\t\t\n<style>\n#text-3888623358 {\n  text-align: left;\n}\n<\/style>\n\t<\/div>\n\t\n\n              <\/div>\n           <\/div>\n                            \n<style>\n#text-box-2018831135 {\n  width: 60%;\n}\n#text-box-2018831135 .text-box-content {\n  font-size: 100%;\n}\n@media (min-width:550px) {\n  #text-box-2018831135 {\n    width: 40%;\n  }\n}\n<\/style>\n    <\/div>\n \n\n        <\/div>\n      <\/div>\n\n            \n<style>\n#banner-579828623 {\n  padding-top: 500px;\n}\n#banner-579828623 .overlay {\n  background-color: rgba(0, 0, 0, 0.581);\n}\n#banner-579828623 .banner-bg img {\n  object-position: 48% 100%;\n}\n<\/style>\n  <\/div>\n\n\n\n\t\t<\/div>\n\t\t\t\t\t<\/div>\n\n\t\n\n\t<div id=\"col-1820489576\" class=\"col medium-3 large-3\"  >\n\t\t\t\t<div class=\"col-inner\"  >\n\t\t\t\n\t\t\t\n\n\n\t<section class=\"section https:\/\/demo.turevmedya.com\/yvzconsept\/wp-content\/uploads\/2022\/06\/LAPINO-31.05.2019.pdf\" id=\"section_2010567093\">\n\t\t<div class=\"section-bg fill\" >\n\t\t\t<img loading=\"lazy\" decoding=\"async\" width=\"574\" height=\"250\" src=\"https:\/\/demo.turevmedya.com\/yvzconsept\/wp-content\/uploads\/2022\/06\/banyo.png\" class=\"bg attachment- size-\" alt=\"\" \/>\t\t\t\t\t\t<div class=\"section-bg-overlay absolute fill\"><\/div>\n\t\t\t\n\t<div class=\"is-border\"\n\t\tstyle=\"border-color:rgb(235, 235, 235);border-width:1px 0px 0px 5px;\">\n\t<\/div>\n\n\t\t<\/div>\n\n\t\t\n\n\t\t<div class=\"section-content relative\">\n\t\t\t\n\n<div class=\"row row-large align-middle align-center\"  id=\"row-1429283452\">\n\n\n\t<div id=\"col-2030454166\" class=\"col medium-6 small-12 large-6\"  data-animate=\"flipInY\">\n\t\t\t\t<div class=\"col-inner text-left box-shadow-2 box-shadow-5-hover\" style=\"background-color:rgb(255, 255, 255);\" >\n\t\t\t\n\t\t\t\n\n\t<div id=\"text-397741648\" class=\"text\">\n\t\t\n\n<h2>Online Katalog<\/h2>\n\n\t\t\n<style>\n#text-397741648 {\n  font-size: 0.9rem;\n  line-height: 1.95;\n  text-align: center;\n}\n<\/style>\n\t<\/div>\n\t\n\n\t\t<\/div>\n\t\t\t\t\n<style>\n#col-2030454166 > .col-inner {\n  padding: 15px 15px 15px 15px;\n}\n<\/style>\n\t<\/div>\n\n\t\n\n<\/div>\n\n\t\t<\/div>\n\n\t\t\n<style>\n#section_2010567093 {\n  padding-top: 59px;\n  padding-bottom: 59px;\n  min-height: 250px;\n  background-color: rgb(255, 255, 255);\n}\n#section_2010567093 .section-bg-overlay {\n  background-color: rgba(0, 0, 0, 0.581);\n}\n<\/style>\n\t<\/section>\n\t\n\n\t<section class=\"section\" id=\"section_169489220\">\n\t\t<div class=\"section-bg fill\" >\n\t\t\t<img loading=\"lazy\" decoding=\"async\" width=\"574\" height=\"250\" src=\"https:\/\/demo.turevmedya.com\/yvzconsept\/wp-content\/uploads\/2022\/06\/banyo.png\" class=\"bg attachment- size-\" alt=\"\" \/>\t\t\t\t\t\t<div class=\"section-bg-overlay absolute fill\"><\/div>\n\t\t\t\n\t<div class=\"is-border\"\n\t\tstyle=\"border-color:rgb(235, 235, 235);border-width:1px 0px 0px 5px;\">\n\t<\/div>\n\n\t\t<\/div>\n\n\t\t\n\n\t\t<div class=\"section-content relative\">\n\t\t\t\n\n<div class=\"row row-large align-middle align-center\"  id=\"row-894456698\">\n\n\n\t<div id=\"col-1325035302\" class=\"col medium-6 small-12 large-6\"  data-animate=\"flipInY\">\n\t\t\t\t<div class=\"col-inner text-left box-shadow-2 box-shadow-5-hover\" style=\"background-color:rgb(255, 255, 255);\" >\n\t\t\t\n\t\t\t\n\n\t<div id=\"text-1466265960\" class=\"text\">\n\t\t\n\n<h2>Ba\u015fvurular<\/h2>\n\n\t\t\n<style>\n#text-1466265960 {\n  font-size: 0.75rem;\n  line-height: 1.95;\n  text-align: center;\n}\n<\/style>\n\t<\/div>\n\t\n\n\t\t<\/div>\n\t\t\t\t\n<style>\n#col-1325035302 > .col-inner {\n  padding: 15px 15px 15px 15px;\n}\n<\/style>\n\t<\/div>\n\n\t\n\n<\/div>\n\n\t\t<\/div>\n\n\t\t\n<style>\n#section_169489220 {\n  padding-top: 59px;\n  padding-bottom: 59px;\n  min-height: 250px;\n  background-color: rgb(255, 255, 255);\n}\n#section_169489220 .section-bg-overlay {\n  background-color: rgba(0, 0, 0, 0.581);\n}\n<\/style>\n\t<\/section>\n\t\n\n\t\t<\/div>\n\t\t\t\t\t<\/div>\n\n\t\n\n<\/div>\n\n     <\/div>\n\n     <div class=\"loading-spin dark large centered\"><\/div>\n\n\t<\/div>\n\n\n\n\t<section class=\"section\" id=\"section_429579557\">\n\t\t<div class=\"section-bg fill\" >\n\t\t\t\t\t\t\t\t\t\n\t\t\t\n\n\t\t<\/div>\n\n\t\t\n\n\t\t<div class=\"section-content relative\">\n\t\t\t\n\n<div class=\"container section-title-container\" style=\"margin-bottom:0px;\"><h3 class=\"section-title section-title-normal\"><b aria-hidden=\"true\"><\/b><span class=\"section-title-main\" style=\"color:rgb(99, 99, 99);\">\u00fcr\u00fcn portf\u00f6y\u00fcm\u00fcz<\/span><b aria-hidden=\"true\"><\/b><\/h3><\/div>\n\n\n  \n    <div class=\"row large-columns-4 medium-columns-3 small-columns-2 row-xsmall slider row-slider slider-nav-reveal\"  data-flickity-options='{&quot;imagesLoaded&quot;: true, &quot;groupCells&quot;: &quot;100%&quot;, &quot;dragThreshold&quot; : 5, &quot;cellAlign&quot;: &quot;left&quot;,&quot;wrapAround&quot;: true,&quot;prevNextButtons&quot;: true,&quot;percentPosition&quot;: true,&quot;pageDots&quot;: false, &quot;rightToLeft&quot;: false, &quot;autoPlay&quot; : false}' >\n\n  <div class=\"product-category col\" >\n            <div class=\"col-inner\">\n              <a aria-label=\"Al\u00fcminyum \u00fcr\u00fcn kategorisini ziyaret et\" href=\"https:\/\/demo.turevmedya.com\/yvzconsept\/product-category\/aluminyum\/\">                <div class=\"box box-category has-hover box-shade dark \">\n                <div class=\"box-image\" >\n                  <div class=\"\" >\n                  <img loading=\"lazy\" decoding=\"async\" src=\"https:\/\/demo.turevmedya.com\/yvzconsept\/wp-content\/uploads\/2022\/06\/alm.png\" alt=\"Al\u00fcminyum\" width=\"300\" height=\"300\" \/>                                    <div class=\"shade\"><\/div>                  <\/div>\n                <\/div>\n                <div class=\"box-text text-center is-xsmall\" style=\"background-color:rgb(51, 189, 228);\">\n                  <div class=\"box-text-inner\">\n                      <h5 class=\"uppercase header-title\">\n                              Al\u00fcminyum                      <\/h5>\n                                            \n                  <\/div>\n                <\/div>\n                <\/div>\n            <\/a>            <\/div>\n            <\/div><div class=\"product-category col\" >\n            <div class=\"col-inner\">\n              <a aria-label=\"Galvaniz \u00fcr\u00fcn kategorisini ziyaret et\" href=\"https:\/\/demo.turevmedya.com\/yvzconsept\/product-category\/galvaniz\/\">                <div class=\"box box-category has-hover box-shade dark \">\n                <div class=\"box-image\" >\n                  <div class=\"\" >\n                  <img loading=\"lazy\" decoding=\"async\" src=\"https:\/\/demo.turevmedya.com\/yvzconsept\/wp-content\/uploads\/2022\/06\/gaa.jpg\" alt=\"Galvaniz\" width=\"300\" height=\"300\" \/>                                    <div class=\"shade\"><\/div>                  <\/div>\n                <\/div>\n                <div class=\"box-text text-center is-xsmall\" style=\"background-color:rgb(51, 189, 228);\">\n                  <div class=\"box-text-inner\">\n                      <h5 class=\"uppercase header-title\">\n                              Galvaniz                      <\/h5>\n                                            \n                  <\/div>\n                <\/div>\n                <\/div>\n            <\/a>            <\/div>\n            <\/div><div class=\"product-category col\" >\n            <div class=\"col-inner\">\n              <a aria-label=\"Mobilya \u00fcr\u00fcn kategorisini ziyaret et\" href=\"https:\/\/demo.turevmedya.com\/yvzconsept\/product-category\/mobilya\/\">                <div class=\"box box-category has-hover box-shade dark \">\n                <div class=\"box-image\" >\n                  <div class=\"\" >\n                  <img loading=\"lazy\" decoding=\"async\" src=\"https:\/\/demo.turevmedya.com\/yvzconsept\/wp-content\/uploads\/2022\/06\/banyooooo.png\" alt=\"Mobilya\" width=\"300\" height=\"300\" \/>                                    <div class=\"shade\"><\/div>                  <\/div>\n                <\/div>\n                <div class=\"box-text text-center is-xsmall\" style=\"background-color:rgb(51, 189, 228);\">\n                  <div class=\"box-text-inner\">\n                      <h5 class=\"uppercase header-title\">\n                              Mobilya                      <\/h5>\n                                            \n                  <\/div>\n                <\/div>\n                <\/div>\n            <\/a>            <\/div>\n            <\/div><div class=\"product-category col\" >\n            <div class=\"col-inner\">\n              <a aria-label=\"Plastik \u00fcr\u00fcn kategorisini ziyaret et\" href=\"https:\/\/demo.turevmedya.com\/yvzconsept\/product-category\/plastik\/\">                <div class=\"box box-category has-hover box-shade dark \">\n                <div class=\"box-image\" >\n                  <div class=\"\" >\n                  <img loading=\"lazy\" decoding=\"async\" src=\"https:\/\/demo.turevmedya.com\/yvzconsept\/wp-content\/uploads\/2022\/06\/plastik-boru.png\" alt=\"Plastik\" width=\"300\" height=\"300\" \/>                                    <div class=\"shade\"><\/div>                  <\/div>\n                <\/div>\n                <div class=\"box-text text-center is-xsmall\" style=\"background-color:rgb(51, 189, 228);\">\n                  <div class=\"box-text-inner\">\n                      <h5 class=\"uppercase header-title\">\n                              Plastik                      <\/h5>\n                                            \n                  <\/div>\n                <\/div>\n                <\/div>\n            <\/a>            <\/div>\n            <\/div><div class=\"product-category col\" >\n            <div class=\"col-inner\">\n              <a aria-label=\"Su Armat\u00fcrleri \u00fcr\u00fcn kategorisini ziyaret et\" href=\"https:\/\/demo.turevmedya.com\/yvzconsept\/product-category\/su-armaturleri\/\">                <div class=\"box box-category has-hover box-shade dark \">\n                <div class=\"box-image\" >\n                  <div class=\"\" >\n                  <img loading=\"lazy\" decoding=\"async\" src=\"https:\/\/demo.turevmedya.com\/yvzconsept\/wp-content\/uploads\/2022\/06\/armatr.png\" alt=\"Su Armat\u00fcrleri\" width=\"300\" height=\"300\" \/>                                    <div class=\"shade\"><\/div>                  <\/div>\n                <\/div>\n                <div class=\"box-text text-center is-xsmall\" style=\"background-color:rgb(51, 189, 228);\">\n                  <div class=\"box-text-inner\">\n                      <h5 class=\"uppercase header-title\">\n                              Su Armat\u00fcrleri                      <\/h5>\n                                            \n                  <\/div>\n                <\/div>\n                <\/div>\n            <\/a>            <\/div>\n            <\/div><\/div>\n\n\t<div id=\"gap-813159785\" class=\"gap-element clearfix\" style=\"display:block; height:auto;\">\n\t\t\n<style>\n#gap-813159785 {\n  padding-top: 37px;\n}\n<\/style>\n\t<\/div>\n\t\n\n<div class=\"slider-wrapper relative\" id=\"slider-2014537790\" >\n    <div class=\"slider slider-nav-circle slider-nav-large slider-nav-light slider-style-normal\"\n        data-flickity-options='{\n            \"cellAlign\": \"center\",\n            \"imagesLoaded\": true,\n            \"lazyLoad\": 1,\n            \"freeScroll\": false,\n            \"wrapAround\": true,\n            \"autoPlay\": 6000,\n            \"pauseAutoPlayOnHover\" : true,\n            \"prevNextButtons\": true,\n            \"contain\" : true,\n            \"adaptiveHeight\" : true,\n            \"dragThreshold\" : 10,\n            \"percentPosition\": true,\n            \"pageDots\": true,\n            \"rightToLeft\": false,\n            \"draggable\": true,\n            \"selectedAttraction\": 0.1,\n            \"parallax\" : 0,\n            \"friction\": 0.6        }'\n        >\n        \n\n\n\t<section class=\"section\" id=\"section_2101241600\">\n\t\t<div class=\"section-bg fill\" >\n\t\t\t\t\t\t\t\t\t<div class=\"section-bg-overlay absolute fill\"><\/div>\n\t\t\t\n\t<div class=\"is-border\"\n\t\tstyle=\"border-color:rgb(235, 235, 235);border-width:1px 0px 0px 0px;\">\n\t<\/div>\n\n\t\t<\/div>\n\n\t\t\n\n\t\t<div class=\"section-content relative\">\n\t\t\t\n\n<div class=\"row row-large align-middle align-center\"  id=\"row-1570643432\">\n\n\n\t<div id=\"col-1140349104\" class=\"col medium-6 small-12 large-6\"  >\n\t\t\t\t<div class=\"col-inner text-center dark\"  >\n\t\t\t\n\t\t\t\n\n<div class=\"container section-title-container\" style=\"margin-bottom:0px;\"><h3 class=\"section-title section-title-normal\"><b aria-hidden=\"true\"><\/b><span class=\"section-title-main\" style=\"color:rgb(99, 99, 99);\">biz kimiz?<\/span><b aria-hidden=\"true\"><\/b><\/h3><\/div>\n\n\t<div id=\"text-3846521093\" class=\"text\">\n\t\t\n\n<\/p>\n<h2>YVZ CONSEPT <\/h2>\n<p>Yvz Group 1995 y\u0131l\u0131ndan bu yana a\u00e7\u0131k ve kapal\u0131 depolar\u0131 ile in\u015faat sekt\u00f6r\u00fcne ve siz de\u011ferli m\u00fc\u015fterilerine hizmet vermektedir.  \u00dcr\u00fcn ve hizmet kalitesinde en \u00fcst seviyeyi g\u00f6zeten anlay\u0131\u015f, sat\u0131\u015f \u00f6ncesi ara\u015ft\u0131rma, sat\u0131\u015f ve sat\u0131\u015f sonras\u0131 hizmetlerdeki titizlik her zaman yeniliklerin pe\u015finde olma azmi ile Kalendero\u011flu boya yap\u0131 malzemeleri hem sekt\u00f6r taraf\u0131ndan hem de rakipleri taraf\u0131ndan takip edilir ve \u00f6rnek al\u0131n\u0131r yere getirmi\u015ftir. <\/p>\n<p>Y\u0131llard\u0131r se\u00e7kin bir m\u00fc\u015fteri  grubu olu\u015fturan firmam\u0131z, b\u00fcnyemizde bayili\u011fini yapm\u0131\u015f oldu\u011fumuz pek \u00e7ok markan\u0131n \u00fcr\u00fcnleri ile T\u00fcrkiye&#8217;nin her noktas\u0131na ula\u015fmaktad\u0131r. Sizleri m\u00fc\u015fteri portf\u00f6y\u00fcm\u00fczde g\u00f6rmek bizlere g\u00fc\u00e7 kat\u0131p mutluluk verecektir.<\/p>\n\n\t\t\n<style>\n#text-3846521093 {\n  color: rgb(99, 99, 99);\n}\n#text-3846521093 > * {\n  color: rgb(99, 99, 99);\n}\n<\/style>\n\t<\/div>\n\t\n\n\t\t<\/div>\n\t\t\t\t\t<\/div>\n\n\t\n\n\t<div id=\"col-1841278865\" class=\"col medium-6 small-12 large-6\"  data-animate=\"flipInY\">\n\t\t\t\t<div class=\"col-inner text-left box-shadow-2 box-shadow-5-hover\" style=\"background-color:rgb(255, 255, 255);\" >\n\t\t\t\n\t\t\t\n\n\t<div class=\"img has-hover x md-x lg-x y md-y lg-y\" id=\"image_1765253821\">\n\t\t\t\t\t\t\t\t<div class=\"img-inner dark\" >\n\t\t\t<img loading=\"lazy\" decoding=\"async\" width=\"725\" height=\"800\" src=\"https:\/\/demo.turevmedya.com\/yvzconsept\/wp-content\/uploads\/2022\/06\/Katman-0-725x800.png\" class=\"attachment-large size-large\" alt=\"\" srcset=\"https:\/\/demo.turevmedya.com\/yvzconsept\/wp-content\/uploads\/2022\/06\/Katman-0-725x800.png 725w, https:\/\/demo.turevmedya.com\/yvzconsept\/wp-content\/uploads\/2022\/06\/Katman-0-363x400.png 363w, https:\/\/demo.turevmedya.com\/yvzconsept\/wp-content\/uploads\/2022\/06\/Katman-0-768x847.png 768w, https:\/\/demo.turevmedya.com\/yvzconsept\/wp-content\/uploads\/2022\/06\/Katman-0-1392x1536.png 1392w, https:\/\/demo.turevmedya.com\/yvzconsept\/wp-content\/uploads\/2022\/06\/Katman-0-1320x1456.png 1320w, https:\/\/demo.turevmedya.com\/yvzconsept\/wp-content\/uploads\/2022\/06\/Katman-0-600x662.png 600w, https:\/\/demo.turevmedya.com\/yvzconsept\/wp-content\/uploads\/2022\/06\/Katman-0.png 1512w\" sizes=\"auto, (max-width: 725px) 100vw, 725px\" \/>\t\t\t\t\t\t\n\t\t\t\t\t<\/div>\n\t\t\t\t\t\t\t\t\n<style>\n#image_1765253821 {\n  width: 100%;\n}\n<\/style>\n\t<\/div>\n\t\n\n\n\t\t<\/div>\n\t\t\t\t\n<style>\n#col-1841278865 > .col-inner {\n  padding: 15px 15px 15px 15px;\n}\n<\/style>\n\t<\/div>\n\n\t\n\n<\/div>\n\n\t\t<\/div>\n\n\t\t\n<style>\n#section_2101241600 {\n  padding-top: 59px;\n  padding-bottom: 59px;\n  min-height: 300px;\n  background-color: rgb(222, 222, 222);\n}\n#section_2101241600 .section-bg-overlay {\n  background-color: rgba(137, 137, 137, 0);\n}\n<\/style>\n\t<\/section>\n\t\n\n     <\/div>\n\n     <div class=\"loading-spin dark large centered\"><\/div>\n\n\t<\/div>\n\n\n\n\t\t<\/div>\n\n\t\t\n<style>\n#section_429579557 {\n  padding-top: 30px;\n  padding-bottom: 30px;\n}\n<\/style>\n\t<\/section>\n\t\n<div class=\"container section-title-container\" style=\"margin-bottom:0px;\"><h3 class=\"section-title section-title-normal\"><b aria-hidden=\"true\"><\/b><span class=\"section-title-main\" style=\"color:rgb(99, 99, 99);\">LAP\u0130NO BANYO &amp; MUTFAK MOB\u0130LYALARI<\/span><b aria-hidden=\"true\"><\/b><\/h3><\/div>\n\n  <div class=\"banner-grid-wrapper\">\n  <div id=\"banner-grid-2146870225\" class=\"banner-grid row row-grid row-small\" data-packery-options=\"\">\n                      \n\n<div class=\"col grid-col large-6 grid-col-1-3\" ><div class=\"col-inner\">\n\n\t<div class=\"img has-hover x md-x lg-x y md-y lg-y\" id=\"image_26203379\">\n\t\t\t\t\t\t\t\t<div class=\"img-inner image-cover dark\" style=\"padding-top:49px;\">\n\t\t\t<img loading=\"lazy\" decoding=\"async\" width=\"403\" height=\"535\" src=\"https:\/\/demo.turevmedya.com\/yvzconsept\/wp-content\/uploads\/2022\/06\/Varlik-3.png\" class=\"attachment-large size-large\" alt=\"\" srcset=\"https:\/\/demo.turevmedya.com\/yvzconsept\/wp-content\/uploads\/2022\/06\/Varlik-3.png 403w, https:\/\/demo.turevmedya.com\/yvzconsept\/wp-content\/uploads\/2022\/06\/Varlik-3-301x400.png 301w\" sizes=\"auto, (max-width: 403px) 100vw, 403px\" \/>\t\t\t\t\t\t\n\t\t\t\t\t<\/div>\n\t\t\t\t\t\t\t\t\n<style>\n#image_26203379 {\n  width: 100%;\n}\n<\/style>\n\t<\/div>\n\t\n\n\n<\/div><\/div>\n<div class=\"col grid-col large-6 grid-col-1-2\" ><div class=\"col-inner\">\n\n\t<div class=\"img has-hover x md-x lg-x y md-y lg-y\" id=\"image_1615602142\">\n\t\t\t\t\t\t\t\t<div class=\"img-inner dark\" >\n\t\t\t<img loading=\"lazy\" decoding=\"async\" width=\"1020\" height=\"767\" src=\"https:\/\/demo.turevmedya.com\/yvzconsept\/wp-content\/uploads\/2022\/06\/pexels-quark-studio-2507016-1-1064x800.jpg\" class=\"attachment-large size-large\" alt=\"\" srcset=\"https:\/\/demo.turevmedya.com\/yvzconsept\/wp-content\/uploads\/2022\/06\/pexels-quark-studio-2507016-1-1064x800.jpg 1064w, https:\/\/demo.turevmedya.com\/yvzconsept\/wp-content\/uploads\/2022\/06\/pexels-quark-studio-2507016-1-532x400.jpg 532w, https:\/\/demo.turevmedya.com\/yvzconsept\/wp-content\/uploads\/2022\/06\/pexels-quark-studio-2507016-1-768x577.jpg 768w, https:\/\/demo.turevmedya.com\/yvzconsept\/wp-content\/uploads\/2022\/06\/pexels-quark-studio-2507016-1-1536x1154.jpg 1536w, https:\/\/demo.turevmedya.com\/yvzconsept\/wp-content\/uploads\/2022\/06\/pexels-quark-studio-2507016-1-2048x1539.jpg 2048w, https:\/\/demo.turevmedya.com\/yvzconsept\/wp-content\/uploads\/2022\/06\/pexels-quark-studio-2507016-1-1320x992.jpg 1320w, https:\/\/demo.turevmedya.com\/yvzconsept\/wp-content\/uploads\/2022\/06\/pexels-quark-studio-2507016-1-600x451.jpg 600w\" sizes=\"auto, (max-width: 1020px) 100vw, 1020px\" \/>\t\t\t\t\t\t\n\t\t\t\t\t<\/div>\n\t\t\t\t\t\t\t\t\n<style>\n#image_1615602142 {\n  width: 100%;\n}\n<\/style>\n\t<\/div>\n\t\n\n\n<\/div><\/div>\n<div class=\"col grid-col large-6 grid-col-2-3\" ><div class=\"col-inner\">\n\n\t<div class=\"img has-hover x md-x lg-x y md-y lg-y\" id=\"image_802592342\">\n\t\t\t\t\t\t\t\t<div class=\"img-inner dark\" style=\"margin:0px 0px -65px 0px;\">\n\t\t\t<img loading=\"lazy\" decoding=\"async\" width=\"1020\" height=\"680\" src=\"https:\/\/demo.turevmedya.com\/yvzconsept\/wp-content\/uploads\/2022\/06\/pexels-curtis-adams-7168015-1200x800.jpg\" class=\"attachment-large size-large\" alt=\"\" srcset=\"https:\/\/demo.turevmedya.com\/yvzconsept\/wp-content\/uploads\/2022\/06\/pexels-curtis-adams-7168015-1200x800.jpg 1200w, https:\/\/demo.turevmedya.com\/yvzconsept\/wp-content\/uploads\/2022\/06\/pexels-curtis-adams-7168015-600x400.jpg 600w, https:\/\/demo.turevmedya.com\/yvzconsept\/wp-content\/uploads\/2022\/06\/pexels-curtis-adams-7168015-768x512.jpg 768w, https:\/\/demo.turevmedya.com\/yvzconsept\/wp-content\/uploads\/2022\/06\/pexels-curtis-adams-7168015-1536x1024.jpg 1536w, https:\/\/demo.turevmedya.com\/yvzconsept\/wp-content\/uploads\/2022\/06\/pexels-curtis-adams-7168015-2048x1365.jpg 2048w, https:\/\/demo.turevmedya.com\/yvzconsept\/wp-content\/uploads\/2022\/06\/pexels-curtis-adams-7168015-1320x880.jpg 1320w\" sizes=\"auto, (max-width: 1020px) 100vw, 1020px\" \/>\t\t\t\t\t\t\n\t\t\t\t\t<\/div>\n\t\t\t\t\t\t\t\t\n<style>\n#image_802592342 {\n  width: 100%;\n}\n<\/style>\n\t<\/div>\n\t\n\n\n<\/div><\/div>\n<div class=\"col grid-col large-3 grid-col-1-2\" ><div class=\"col-inner\">\n\n\t<div class=\"img has-hover x md-x lg-x y md-y lg-y\" id=\"image_80795930\">\n\t\t\t\t\t\t\t\t<div class=\"img-inner dark\" >\n\t\t\t<img loading=\"lazy\" decoding=\"async\" width=\"493\" height=\"740\" src=\"https:\/\/demo.turevmedya.com\/yvzconsept\/wp-content\/uploads\/2022\/06\/ozel-uretim-banyo-dolabi-2_2522018_225345_2.jpg\" class=\"attachment-large size-large\" alt=\"\" srcset=\"https:\/\/demo.turevmedya.com\/yvzconsept\/wp-content\/uploads\/2022\/06\/ozel-uretim-banyo-dolabi-2_2522018_225345_2.jpg 493w, https:\/\/demo.turevmedya.com\/yvzconsept\/wp-content\/uploads\/2022\/06\/ozel-uretim-banyo-dolabi-2_2522018_225345_2-266x400.jpg 266w\" sizes=\"auto, (max-width: 493px) 100vw, 493px\" \/>\t\t\t\t\t\t\n\t\t\t\t\t<\/div>\n\t\t\t\t\t\t\t\t\n<style>\n#image_80795930 {\n  width: 100%;\n}\n<\/style>\n\t<\/div>\n\t\n\n\n<\/div><\/div>\n<div class=\"col grid-col large-3 grid-col-1-2\" ><div class=\"col-inner\">\n\n\t<div class=\"img has-hover x md-x lg-x y md-y lg-y\" id=\"image_38749838\">\n\t\t\t\t\t\t\t\t<div class=\"img-inner dark\" >\n\t\t\t<img loading=\"lazy\" decoding=\"async\" width=\"402\" height=\"800\" src=\"https:\/\/demo.turevmedya.com\/yvzconsept\/wp-content\/uploads\/2022\/06\/ozel-uretim-banyo-dolabi-3_2522018_225345_2-402x800.jpg\" class=\"attachment-large size-large\" alt=\"\" srcset=\"https:\/\/demo.turevmedya.com\/yvzconsept\/wp-content\/uploads\/2022\/06\/ozel-uretim-banyo-dolabi-3_2522018_225345_2-402x800.jpg 402w, https:\/\/demo.turevmedya.com\/yvzconsept\/wp-content\/uploads\/2022\/06\/ozel-uretim-banyo-dolabi-3_2522018_225345_2-201x400.jpg 201w, https:\/\/demo.turevmedya.com\/yvzconsept\/wp-content\/uploads\/2022\/06\/ozel-uretim-banyo-dolabi-3_2522018_225345_2.jpg 564w\" sizes=\"auto, (max-width: 402px) 100vw, 402px\" \/>\t\t\t\t\t\t\n\t\t\t\t\t<\/div>\n\t\t\t\t\t\t\t\t\n<style>\n#image_38749838 {\n  width: 100%;\n}\n<\/style>\n\t<\/div>\n\t\n\n\n<\/div><\/div>\n\n            <\/div>\n    <style>\n    #banner-grid-2146870225 .grid-col-1{height: 600px}\n    #banner-grid-2146870225 .grid-col-1-2{height: 300px}\n    #banner-grid-2146870225 .grid-col-1-3{height:200px}\n    #banner-grid-2146870225 .grid-col-2-3{height: 400px}\n    #banner-grid-2146870225 .grid-col-1-4{height: 150px}\n    #banner-grid-2146870225 .grid-col-3-4{height: 450px}\n\n\n    \n    \n\n  <\/style>\n    <\/div>\n  \n\t<div id=\"gap-243049073\" class=\"gap-element clearfix\" style=\"display:block; height:auto;\">\n\t\t\n<style>\n#gap-243049073 {\n  padding-top: 40px;\n}\n<\/style>\n\t<\/div>\n\t\n\n\n","protected":false},"excerpt":{"rendered":"","protected":false},"author":1,"featured_media":16,"parent":70,"menu_order":1,"comment_status":"closed","ping_status":"closed","template":"page-blank.php","meta":{"footnotes":""},"class_list":["post-98","page","type-page","status-publish","has-post-thumbnail","hentry"],"jetpack_sharing_enabled":true,"_links":{"self":[{"href":"https:\/\/demo.turevmedya.com\/yvzconsept\/wp-json\/wp\/v2\/pages\/98","targetHints":{"allow":["GET"]}}],"collection":[{"href":"https:\/\/demo.turevmedya.com\/yvzconsept\/wp-json\/wp\/v2\/pages"}],"about":[{"href":"https:\/\/demo.turevmedya.com\/yvzconsept\/wp-json\/wp\/v2\/types\/page"}],"author":[{"embeddable":true,"href":"https:\/\/demo.turevmedya.com\/yvzconsept\/wp-json\/wp\/v2\/users\/1"}],"replies":[{"embeddable":true,"href":"https:\/\/demo.turevmedya.com\/yvzconsept\/wp-json\/wp\/v2\/comments?post=98"}],"version-history":[{"count":33,"href":"https:\/\/demo.turevmedya.com\/yvzconsept\/wp-json\/wp\/v2\/pages\/98\/revisions"}],"predecessor-version":[{"id":358,"href":"https:\/\/demo.turevmedya.com\/yvzconsept\/wp-json\/wp\/v2\/pages\/98\/revisions\/358"}],"up":[{"embeddable":true,"href":"https:\/\/demo.turevmedya.com\/yvzconsept\/wp-json\/wp\/v2\/pages\/70"}],"wp:featuredmedia":[{"embeddable":true,"href":"https:\/\/demo.turevmedya.com\/yvzconsept\/wp-json\/wp\/v2\/media\/16"}],"wp:attachment":[{"href":"https:\/\/demo.turevmedya.com\/yvzconsept\/wp-json\/wp\/v2\/media?parent=98"}],"curies":[{"name":"wp","href":"https:\/\/api.w.org\/{rel}","templated":true}]}}