{"id":4020,"date":"2023-10-05T12:32:04","date_gmt":"2023-10-05T09:32:04","guid":{"rendered":"https:\/\/demo.turevmedya.com\/ursa\/?page_id=4020"},"modified":"2023-10-05T12:35:53","modified_gmt":"2023-10-05T09:35:53","slug":"vizyon-misyon","status":"publish","type":"page","link":"https:\/\/demo.turevmedya.com\/ursa\/vizyon-misyon\/","title":{"rendered":"Vizyon &#8211; Misyon"},"content":{"rendered":"<p>[vc_row rt_row_background_width=&#8221;default&#8221; rt_row_style=&#8221;default-style&#8221; rt_row_borders=&#8221;&#8221; rt_row_paddings=&#8221;true&#8221; rt_bg_effect=&#8221;classic&#8221; rt_bg_image_repeat=&#8221;repeat&#8221; rt_bg_size=&#8221;cover&#8221; rt_bg_position=&#8221;right top&#8221; rt_bg_attachment=&#8221;scroll&#8221; rt_bg_video_format=&#8221;self-hosted&#8221;][vc_column rt_wrp_col_paddings=&#8221;false&#8221; rt_border_top=&#8221;&#8221; rt_border_bottom=&#8221;&#8221; rt_border_left=&#8221;&#8221; rt_border_right=&#8221;&#8221; rt_border_top_mobile=&#8221;&#8221; rt_border_bottom_mobile=&#8221;&#8221; rt_border_left_mobile=&#8221;&#8221; rt_border_right_mobile=&#8221;&#8221; rt_bg_image_repeat=&#8221;repeat&#8221; rt_bg_size=&#8221;auto auto&#8221; rt_bg_position=&#8221;right top&#8221; rt_bg_attachment=&#8221;scroll&#8221;][vc_column_text]<strong>Vizyonumuz ;<\/strong><\/p>\n<p>Yurt i\u00e7i ve yurt d\u0131\u015f\u0131 pazarlarda, faaliyette bulundu\u011fumuz sekt\u00f6rlerin taleplerine, sahip oldu\u011fumuz misyon kriterleri \u00e7er\u00e7evesinde cevap vererek, uluslararas\u0131 \u00f6l\u00e7ekte iddial\u0131 bir konuma gelmektir.<\/p>\n<p><strong>Misyonumuz ;<\/strong><\/p>\n<p>M\u00fc\u015fteri, \u00fcr\u00fcn ve hizmet odakl\u0131 olmak;<\/p>\n<p>Yurt i\u00e7i ve yurt d\u0131\u015f\u0131 pazar ihtiya\u00e7lar\u0131n\u0131n ve sekt\u00f6rel taleplerin m\u00fc\u015fteri, mal ve hizmet odakl\u0131 olunarak, maksimum kalitede, optimum \u00fcretim ve maliyet bile\u015fenleri ile cevaplamakt\u0131r.<\/p>\n<p><strong>Toplam Kalite Y\u00f6netimi ;<\/strong><\/p>\n<p>Toplam kalite y\u00f6netimi anlay\u0131\u015f\u0131 \u00e7er\u00e7evesinde, organizasyonun her bir bireyi taraf\u0131ndan bir i\u015fin, bir defada tam ve do\u011fru olarak yap\u0131lmas\u0131n\u0131 standart hale getirerek maksimum m\u00fc\u015fteri memnuniyetini sa\u011flamakt\u0131r.<\/p>\n<p><strong>Organizasyonel Tak\u0131m Ruhu ;<\/strong><\/p>\n<p>Organizasyonun her bir bireyinin sorumlusu oldu\u011fu i\u015f \u00f6rg\u00fcs\u00fcn\u00fcn b\u00fcy\u00fck foto\u011fraftaki yeri ile ilgili fark\u0131ndal\u0131\u011f\u0131n\u0131n sa\u011flanarak, etkin bir sebep-sonu\u00e7 ili\u015fkisini kurmas\u0131n\u0131n kolayla\u015ft\u0131r\u0131lmas\u0131 ve e\u011fitim programlar\u0131 ile kendilerini geli\u015ftirilme imkanlar\u0131n\u0131n tan\u0131nmas\u0131 sonucunda, i\u015f birli\u011fine dayal\u0131, tak\u0131m ruhuna sahip bir organizasyonu s\u00fcrekli k\u0131lmakt\u0131r.<\/p>\n<p><strong>De\u011fi\u015fen Pazar \u015eartlar\u0131na Uyum \/ Ar-Ge ;<\/strong><\/p>\n<p>Yurt i\u00e7i ve yurt d\u0131\u015f\u0131 \u00f6l\u00e7eklerde s\u00fcrekli de\u011fi\u015fmekte ve geli\u015fmekte olan pazar \u015fartlar\u0131na, kurum prensiplerinden \u00f6d\u00fcn vermeden, k\u0131sa s\u00fcrede uyum sa\u011flayabilecek esneklikteki bir organizasyonel yap\u0131y\u0131 ve bu yap\u0131n\u0131n s\u00fcreklili\u011fini planl\u0131 Ar-Ge faaliyetleri ile sa\u011flamakt\u0131r.<\/p>\n<p><strong>Sosyal Sorumluluk, \u00c7evreye Sayg\u0131 ve Etik De\u011ferlere Ba\u011fl\u0131l\u0131k ;<\/strong><\/p>\n<p>Rekabet g\u00fcc\u00fcn\u00fcn korunmas\u0131na ve art\u0131r\u0131lmas\u0131na y\u00f6nelik t\u00fcm faaliyetlerde, yarat\u0131lan katma de\u011fer kapsam\u0131nda, sosyal sorumluluk, \u00e7evreye sayg\u0131 ve etik de\u011ferlere ba\u011fl\u0131l\u0131k prensiplerinin g\u00f6zetilmesini sa\u011flamakt\u0131r.<\/p>\n<p><strong>Genel Y\u00f6netim Felsefesi ;<\/strong><\/p>\n<p>Kalite Y\u00f6netim Sistemi gere\u011fince \u00fcst d\u00fczey y\u00f6netim taraf\u0131ndan belirlenen genel organizasyon yap\u0131s\u0131nda herkesin yetki ve sorumluluklar\u0131 bir \u00fcst amirleri taraf\u0131ndan belirlenerek sorumlular\u0131na tebli\u011f edilir. Organizasyondaki t\u00fcm personelin birbiri ile olan ileti\u015fimleri ve sorumlu ki\u015fi olmad\u0131\u011f\u0131 zaman uygulanacak olan vekalet sistemi yine bu yap\u0131 i\u00e7erisinde yerini al\u0131r. UR-SA&#8217; n\u0131n y\u00f6netim felsefesinde bireylerin tek ba\u015flar\u0131na \u00e7aba ve hedefleri de\u011fil, o kurumda \u00e7al\u0131\u015fan herkesin &#8221;biz&#8221; kavram\u0131 ile \u00e7al\u0131\u015fmas\u0131 esast\u0131r. &#8220;Birlikten kuvvet do\u011far&#8221; ilkesi ile yola \u00e7\u0131kan UR-SA bu g\u00fcce inan\u0131r.<\/p>\n<p>1. \u0130\u015f \u0130daresinde Standart : UR-SA \u00e7al\u0131\u015fmalar\u0131n\u0131, i\u015f yapt\u0131\u011f\u0131 ki\u015filerle, kar\u015f\u0131l\u0131kl\u0131 sayg\u0131, i\u015f ahlak\u0131 ve d\u00fcr\u00fcstl\u00fck \u00e7er\u00e7evesinde y\u00fcr\u00fct\u00fcr.<\/p>\n<p>2. Yasalara Uyum : UR-SA \u00fcretimini ve sat\u0131\u015f\u0131n\u0131 ger\u00e7ekle\u015ftirirken bulundu\u011fu \u00fclkenin yasalar\u0131na uyar.<\/p>\n<p>3. Sosyal Faaliyetler : UR-SA \u00fcretti\u011fi \u00fcr\u00fcnlerin yeni tan\u0131nd\u0131\u011f\u0131 veya kullan\u0131lmaya yeni ba\u015flan\u0131ld\u0131\u011f\u0131 b\u00f6lge ve \u00fclkelerde, e\u011fitim programlar\u0131, seminerler d\u00fczenleyerek, t\u00fcketiciyi bilin\u00e7lendirir. Ayr\u0131ca o \u00fclkenin yetkililerine standartlar\u0131n olu\u015fturulmas\u0131nda yard\u0131mc\u0131 olur.<\/p>\n<p>4. \u00dcr\u00fcn G\u00fcvenilirli\u011fi : UR-SA &#8216;n\u0131n \u00fcretti\u011fi \u00fcr\u00fcnler sat\u0131\u015f sonras\u0131nda da UR-SA &#8216;n\u0131n beyan etti\u011fi kalite kriterleri \u00e7er\u00e7evesinde, UR-SA g\u00fcvencesi alt\u0131ndad\u0131r. Herhangi bir \u00fcr\u00fcnle ilgili sorununuzu direk veya bayimiz arac\u0131l\u0131\u011f\u0131yla bize iletti\u011finizde en k\u0131sa zamanda konu ile ilgili bir yan\u0131t verilecektir.<\/p>\n<p>5. \u00c7evreye Sayg\u0131 : UR-SA \u00fcretimini \u00e7evre ve insan sa\u011fl\u0131\u011f\u0131n\u0131 tehlikeye sokmayacak \u015fekilde yapar. Bu \u00e7er\u00e7evede yasalar\u0131n koymu\u015f oldu\u011fu kurallara titizlikle uyar.<\/p>\n<p>6. Kurallara Uyum : UR-SA \u00fcretimini ve sat\u0131\u015flar\u0131n\u0131 yukar\u0131da sayd\u0131\u011f\u0131m\u0131z kurallar \u00e7er\u00e7evesinde ger\u00e7ekle\u015ftirmektedir. \u00dcst y\u00f6netim \u00e7al\u0131\u015fanlar\u0131n bu kurallara liyakatini denetler ve bu kurallara uyma gerek\u00e7esiyle kaybedilen bir i\u015ften, idare sorumlu tutulmaz.[\/vc_column_text][\/vc_column][\/vc_row]<\/p>\n","protected":false},"excerpt":{"rendered":"<p>[vc_row rt_row_background_width=&#8221;default&#8221; rt_row_style=&#8221;default-style&#8221; rt_row_borders=&#8221;&#8221; rt_row_paddings=&#8221;true&#8221; rt_bg_effect=&#8221;classic&#8221; rt_bg_image_repeat=&#8221;repeat&#8221; rt_bg_size=&#8221;cover&#8221; rt_bg_position=&#8221;right top&#8221; rt_bg_attachment=&#8221;scroll&#8221; rt_bg_video_format=&#8221;self-hosted&#8221;][vc_column rt_wrp_col_paddings=&#8221;false&#8221; rt_border_top=&#8221;&#8221; rt_border_bottom=&#8221;&#8221; rt_border_left=&#8221;&#8221; rt_border_right=&#8221;&#8221; rt_border_top_mobile=&#8221;&#8221; rt_border_bottom_mobile=&#8221;&#8221; rt_border_left_mobile=&#8221;&#8221; rt_border_right_mobile=&#8221;&#8221; rt_bg_image_repeat=&#8221;repeat&#8221; rt_bg_size=&#8221;auto auto&#8221; rt_bg_position=&#8221;right top&#8221; rt_bg_attachment=&#8221;scroll&#8221;][vc_column_text]Vizyonumuz ; Yurt i\u00e7i ve yurt d\u0131\u015f\u0131 pazarlarda, faaliyette bulundu\u011fumuz sekt\u00f6rlerin taleplerine, sahip oldu\u011fumuz misyon kriterleri \u00e7er\u00e7evesinde cevap vererek, uluslararas\u0131 \u00f6l\u00e7ekte iddial\u0131 bir konuma gelmektir. Misyonumuz ; M\u00fc\u015fteri, \u00fcr\u00fcn [&hellip;]<\/p>\n","protected":false},"author":1,"featured_media":0,"parent":0,"menu_order":0,"comment_status":"closed","ping_status":"closed","template":"","meta":{"rs_blank_template":"","rs_page_bg_color":"","slide_template_v7":"","footnotes":""},"class_list":["post-4020","page","type-page","status-publish","hentry"],"_links":{"self":[{"href":"https:\/\/demo.turevmedya.com\/ursa\/wp-json\/wp\/v2\/pages\/4020","targetHints":{"allow":["GET"]}}],"collection":[{"href":"https:\/\/demo.turevmedya.com\/ursa\/wp-json\/wp\/v2\/pages"}],"about":[{"href":"https:\/\/demo.turevmedya.com\/ursa\/wp-json\/wp\/v2\/types\/page"}],"author":[{"embeddable":true,"href":"https:\/\/demo.turevmedya.com\/ursa\/wp-json\/wp\/v2\/users\/1"}],"replies":[{"embeddable":true,"href":"https:\/\/demo.turevmedya.com\/ursa\/wp-json\/wp\/v2\/comments?post=4020"}],"version-history":[{"count":3,"href":"https:\/\/demo.turevmedya.com\/ursa\/wp-json\/wp\/v2\/pages\/4020\/revisions"}],"predecessor-version":[{"id":4024,"href":"https:\/\/demo.turevmedya.com\/ursa\/wp-json\/wp\/v2\/pages\/4020\/revisions\/4024"}],"wp:attachment":[{"href":"https:\/\/demo.turevmedya.com\/ursa\/wp-json\/wp\/v2\/media?parent=4020"}],"curies":[{"name":"wp","href":"https:\/\/api.w.org\/{rel}","templated":true}]}}