{"id":3357,"date":"2023-03-15T19:00:19","date_gmt":"2023-03-15T16:00:19","guid":{"rendered":"https:\/\/demo.turevmedya.com\/ursa\/?page_id=3357"},"modified":"2023-05-17T17:05:50","modified_gmt":"2023-05-17T14:05:50","slug":"surdurulebilirlik","status":"publish","type":"page","link":"https:\/\/demo.turevmedya.com\/ursa\/surdurulebilirlik\/","title":{"rendered":"S\u00fcrd\u00fcrebilirlik"},"content":{"rendered":"<p>S\u00fcrd\u00fcr\u00fclebilir enerji \u00f6nemseyen, \u00e7evreye ve insana duyarl\u0131 olan UR-SA plastik, \u0130leri teknoloji, Y\u00fcksek kalite ve S\u00fcrekli Ar-Ge yat\u0131r\u0131mlar\u0131 do\u011frultusunda, geli\u015fen d\u00fcnya pazarlar\u0131nda, rekabet g\u00fcc\u00fcn\u00fc ve pazar pay\u0131n\u0131 art\u0131rma idealinin gerektirdi\u011fi sorumluluk bilinciyle faaliyetlerini s\u00fcrd\u00fcrmeye devam etmektedir.<\/p>\n","protected":false},"excerpt":{"rendered":"<p>S\u00fcrd\u00fcr\u00fclebilir enerji \u00f6nemseyen, \u00e7evreye ve insana duyarl\u0131 olan UR-SA plastik, \u0130leri teknoloji, Y\u00fcksek kalite ve S\u00fcrekli Ar-Ge yat\u0131r\u0131mlar\u0131 do\u011frultusunda, geli\u015fen d\u00fcnya pazarlar\u0131nda, rekabet g\u00fcc\u00fcn\u00fc ve pazar pay\u0131n\u0131 art\u0131rma idealinin gerektirdi\u011fi sorumluluk bilinciyle faaliyetlerini s\u00fcrd\u00fcrmeye devam etmektedir.<\/p>\n","protected":false},"author":1,"featured_media":0,"parent":0,"menu_order":0,"comment_status":"closed","ping_status":"closed","template":"","meta":{"rs_blank_template":"","rs_page_bg_color":"","slide_template_v7":"","footnotes":""},"class_list":["post-3357","page","type-page","status-publish","hentry"],"_links":{"self":[{"href":"https:\/\/demo.turevmedya.com\/ursa\/wp-json\/wp\/v2\/pages\/3357","targetHints":{"allow":["GET"]}}],"collection":[{"href":"https:\/\/demo.turevmedya.com\/ursa\/wp-json\/wp\/v2\/pages"}],"about":[{"href":"https:\/\/demo.turevmedya.com\/ursa\/wp-json\/wp\/v2\/types\/page"}],"author":[{"embeddable":true,"href":"https:\/\/demo.turevmedya.com\/ursa\/wp-json\/wp\/v2\/users\/1"}],"replies":[{"embeddable":true,"href":"https:\/\/demo.turevmedya.com\/ursa\/wp-json\/wp\/v2\/comments?post=3357"}],"version-history":[{"count":3,"href":"https:\/\/demo.turevmedya.com\/ursa\/wp-json\/wp\/v2\/pages\/3357\/revisions"}],"predecessor-version":[{"id":3997,"href":"https:\/\/demo.turevmedya.com\/ursa\/wp-json\/wp\/v2\/pages\/3357\/revisions\/3997"}],"wp:attachment":[{"href":"https:\/\/demo.turevmedya.com\/ursa\/wp-json\/wp\/v2\/media?parent=3357"}],"curies":[{"name":"wp","href":"https:\/\/api.w.org\/{rel}","templated":true}]}}