{"id":2793,"date":"2015-02-02T04:30:57","date_gmt":"2015-02-02T01:30:57","guid":{"rendered":"http:\/\/rttheme19.rtthemes.com\/?page_id=9"},"modified":"2023-05-17T17:05:36","modified_gmt":"2023-05-17T14:05:36","slug":"about-us","status":"publish","type":"page","link":"https:\/\/demo.turevmedya.com\/ursa\/about-us\/","title":{"rendered":"Kurumsal"},"content":{"rendered":"<p>[vc_row rt_row_background_width=&#8221;fullwidth&#8221; rt_row_content_width=&#8221;default&#8221; rt_row_style=&#8221;default-style&#8221; rt_row_borders=&#8221;&#8221; rt_row_paddings=&#8221;true&#8221; rt_bg_image=&#8221;2369&#8243; rt_bg_effect=&#8221;parallax&#8221; rt_bg_parallax_effect=&#8221;3&#8243; rt_bg_image_repeat=&#8221;repeat&#8221; rt_bg_size=&#8221;cover&#8221; rt_bg_position=&#8221;right top&#8221; rt_bg_video_format=&#8221;self-hosted&#8221; rt_padding_top=&#8221;100&#8243; rt_padding_bottom=&#8221;140&#8243;][vc_column rt_wrp_col_paddings=&#8221;false&#8221; rt_border_top=&#8221;&#8221; rt_border_bottom=&#8221;&#8221; rt_border_left=&#8221;&#8221; rt_border_right=&#8221;&#8221; rt_border_top_mobile=&#8221;&#8221; rt_border_bottom_mobile=&#8221;&#8221; rt_border_left_mobile=&#8221;&#8221; rt_border_right_mobile=&#8221;&#8221; rt_bg_image_repeat=&#8221;repeat&#8221; rt_bg_size=&#8221;auto auto&#8221; rt_bg_position=&#8221;right top&#8221; rt_bg_attachment=&#8221;scroll&#8221;]<div class=\"rt_heading_wrapper style-4\">\n\t\t\t\t\t\t<h1 class=\"rt_heading  style-4\" >KURUMSAL<\/h1>\n\t\t\t\t\t<\/div>[\/vc_column][\/vc_row][vc_row rt_row_background_width=&#8221;fullwidth&#8221; rt_row_content_width=&#8221;default&#8221; rt_row_style=&#8221;default-style&#8221; rt_row_borders=&#8221;bottom&#8221; rt_row_paddings=&#8221;true&#8221; rt_bg_effect=&#8221;classic&#8221; rt_bg_image_repeat=&#8221;repeat&#8221; rt_bg_size=&#8221;cover&#8221; rt_bg_position=&#8221;right top&#8221; rt_bg_attachment=&#8221;scroll&#8221; rt_bg_video_format=&#8221;self-hosted&#8221;][vc_column rt_wrp_col_paddings=&#8221;false&#8221; rt_border_top=&#8221;&#8221; rt_border_bottom=&#8221;&#8221; rt_border_left=&#8221;&#8221; rt_border_right=&#8221;&#8221; rt_border_top_mobile=&#8221;&#8221; rt_border_bottom_mobile=&#8221;&#8221; rt_border_left_mobile=&#8221;&#8221; rt_border_right_mobile=&#8221;&#8221; rt_bg_image_repeat=&#8221;repeat&#8221; rt_bg_size=&#8221;auto auto&#8221; rt_bg_position=&#8221;right top&#8221; rt_bg_attachment=&#8221;scroll&#8221;][vc_column_text]1979 y\u0131l\u0131nda tar\u0131msal ambalaj \u00fcretimi ile \u00fcretim hayat\u0131na ba\u015flayan firmam\u0131z, 2000 y\u0131l\u0131nda end\u00fcstriyel ambalaj, 2002 y\u0131l\u0131nda end\u00fcstriyel tekstil, 2004 y\u0131l\u0131nda tar\u0131msal tekstil ve en son 2020 y\u0131l\u0131nda FIBC (big bag) \u00fcretimine ba\u015flam\u0131\u015ft\u0131r.<\/p>\n<p>Sekt\u00f6r\u00fcn\u00fcn ilk \u00fcreticilerinden olan firmam\u0131z, Adana Organize Sanayi B\u00f6lgesi\u2019nde 130.000 m2 \u00fczerine kurulu 3 ayr\u0131 tam entegre fabrikalar\u0131 ile b\u00f6lgenin ve T\u00fcrkiye\u2019nin sayg\u0131n ve lider firmalar\u0131ndan biridir.<\/p>\n<p>\u00dcretimde her zaman y\u00fcksek teknoloji makineler tercih ederek, yenilenen hatlarla \u00fcretime devam eden UR-SA; makroekonomik olumsuz ko\u015fullardan ve krizlerden etkilenmeden, kapasite art\u0131\u015f\u0131yla ve b\u00fcy\u00fcme odakl\u0131 \u00e7al\u0131\u015fma prensipleriyle T\u00fcrkiye\u2019ye g\u00fc\u00e7 katmaktad\u0131r.<\/p>\n<p>500\u2019den fazla \u00e7al\u0131\u015fan\u0131, y\u0131ll\u0131k 24.000 ton \u00fcretim kapasitesi, 43 y\u0131ll\u0131k \u00fcretim tecr\u00fcbesi, modern ve son teknoloji makine parkuru ve geni\u015f \u00fcretim yelpazesi ile 50\u2019den fazla \u00fclkeye ihracat yapmaktad\u0131r.<br \/>\nS\u00fcrd\u00fcr\u00fclebilir enerjiyi \u00f6nemseyen, \u00e7evreye ve insana duyarl\u0131 olan UR-SA, ileri teknoloji, y\u00fcksek kalite ve s\u00fcrekli Ar-Ge yat\u0131r\u0131mlar\u0131 do\u011frultusunda, geli\u015fen d\u00fcnya pazarlar\u0131nda, rekabet g\u00fcc\u00fcn\u00fc ve pazar pay\u0131n\u0131 art\u0131rma idealinin gerektirdi\u011fi sorumluluk bilinciyle faaliyetlerini s\u00fcrd\u00fcrmeye devam etmektedir.<\/p>\n<p>\u00dclkemizin k\u00f6kl\u00fc entegre \u00fcretim tesislerinden birisi olan UR-SA, \u00fcretim ve sanayicilikte edinmi\u015f oldu\u011fu 43 y\u0131ll\u0131k birikimin hakl\u0131 gururunu ya\u015fayarak gelece\u011fe g\u00fcvenle bakmaktad\u0131r.[\/vc_column_text][\/vc_column][\/vc_row]<\/p>\n","protected":false},"excerpt":{"rendered":"<p>[vc_row rt_row_background_width=&#8221;fullwidth&#8221; rt_row_content_width=&#8221;default&#8221; rt_row_style=&#8221;default-style&#8221; rt_row_borders=&#8221;&#8221; rt_row_paddings=&#8221;true&#8221; rt_bg_image=&#8221;2369&#8243; rt_bg_effect=&#8221;parallax&#8221; rt_bg_parallax_effect=&#8221;3&#8243; rt_bg_image_repeat=&#8221;repeat&#8221; rt_bg_size=&#8221;cover&#8221; rt_bg_position=&#8221;right top&#8221; rt_bg_video_format=&#8221;self-hosted&#8221; rt_padding_top=&#8221;100&#8243; rt_padding_bottom=&#8221;140&#8243;][vc_column rt_wrp_col_paddings=&#8221;false&#8221; rt_border_top=&#8221;&#8221; rt_border_bottom=&#8221;&#8221; rt_border_left=&#8221;&#8221; rt_border_right=&#8221;&#8221; rt_border_top_mobile=&#8221;&#8221; rt_border_bottom_mobile=&#8221;&#8221; rt_border_left_mobile=&#8221;&#8221; rt_border_right_mobile=&#8221;&#8221; rt_bg_image_repeat=&#8221;repeat&#8221; rt_bg_size=&#8221;auto auto&#8221; rt_bg_position=&#8221;right top&#8221; rt_bg_attachment=&#8221;scroll&#8221;][\/vc_column][\/vc_row][vc_row rt_row_background_width=&#8221;fullwidth&#8221; rt_row_content_width=&#8221;default&#8221; rt_row_style=&#8221;default-style&#8221; rt_row_borders=&#8221;bottom&#8221; rt_row_paddings=&#8221;true&#8221; rt_bg_effect=&#8221;classic&#8221; rt_bg_image_repeat=&#8221;repeat&#8221; rt_bg_size=&#8221;cover&#8221; rt_bg_position=&#8221;right top&#8221; rt_bg_attachment=&#8221;scroll&#8221; rt_bg_video_format=&#8221;self-hosted&#8221;][vc_column rt_wrp_col_paddings=&#8221;false&#8221; rt_border_top=&#8221;&#8221; rt_border_bottom=&#8221;&#8221; rt_border_left=&#8221;&#8221; rt_border_right=&#8221;&#8221; rt_border_top_mobile=&#8221;&#8221; rt_border_bottom_mobile=&#8221;&#8221; rt_border_left_mobile=&#8221;&#8221; rt_border_right_mobile=&#8221;&#8221; rt_bg_image_repeat=&#8221;repeat&#8221; rt_bg_size=&#8221;auto auto&#8221; [&hellip;]<\/p>\n","protected":false},"author":1,"featured_media":0,"parent":0,"menu_order":0,"comment_status":"open","ping_status":"closed","template":"","meta":{"rs_blank_template":"","rs_page_bg_color":"","slide_template_v7":"","footnotes":""},"class_list":["post-2793","page","type-page","status-publish","hentry"],"_links":{"self":[{"href":"https:\/\/demo.turevmedya.com\/ursa\/wp-json\/wp\/v2\/pages\/2793","targetHints":{"allow":["GET"]}}],"collection":[{"href":"https:\/\/demo.turevmedya.com\/ursa\/wp-json\/wp\/v2\/pages"}],"about":[{"href":"https:\/\/demo.turevmedya.com\/ursa\/wp-json\/wp\/v2\/types\/page"}],"author":[{"embeddable":true,"href":"https:\/\/demo.turevmedya.com\/ursa\/wp-json\/wp\/v2\/users\/1"}],"replies":[{"embeddable":true,"href":"https:\/\/demo.turevmedya.com\/ursa\/wp-json\/wp\/v2\/comments?post=2793"}],"version-history":[{"count":8,"href":"https:\/\/demo.turevmedya.com\/ursa\/wp-json\/wp\/v2\/pages\/2793\/revisions"}],"predecessor-version":[{"id":3996,"href":"https:\/\/demo.turevmedya.com\/ursa\/wp-json\/wp\/v2\/pages\/2793\/revisions\/3996"}],"wp:attachment":[{"href":"https:\/\/demo.turevmedya.com\/ursa\/wp-json\/wp\/v2\/media?parent=2793"}],"curies":[{"name":"wp","href":"https:\/\/api.w.org\/{rel}","templated":true}]}}