{"id":2554,"date":"2015-02-21T15:33:43","date_gmt":"2015-02-21T12:33:43","guid":{"rendered":"http:\/\/rttheme19.rtthemes.com\/?page_id=2554"},"modified":"2023-12-15T16:47:16","modified_gmt":"2023-12-15T13:47:16","slug":"anasayfa","status":"publish","type":"page","link":"https:\/\/demo.turevmedya.com\/ursa\/","title":{"rendered":"Anasayfa"},"content":{"rendered":"<p>[vc_row rt_row_background_width=&#8221;fullwidth&#8221; rt_row_content_width=&#8221;fullwidth&#8221; rt_row_style=&#8221;light-style&#8221; rt_row_borders=&#8221;&#8221; rt_row_paddings=&#8221;false&#8221; rt_bg_effect=&#8221;classic&#8221; rt_bg_image_repeat=&#8221;repeat&#8221; rt_bg_size=&#8221;cover&#8221; rt_bg_position=&#8221;right top&#8221; rt_bg_attachment=&#8221;scroll&#8221; rt_bg_video_format=&#8221;self-hosted&#8221;][vc_column rt_wrp_col_paddings=&#8221;false&#8221; rt_border_top=&#8221;&#8221; rt_border_bottom=&#8221;&#8221; rt_border_left=&#8221;&#8221; rt_border_right=&#8221;&#8221; rt_border_top_mobile=&#8221;&#8221; rt_border_bottom_mobile=&#8221;&#8221; rt_border_left_mobile=&#8221;&#8221; rt_border_right_mobile=&#8221;&#8221; rt_bg_image_repeat=&#8221;repeat&#8221; rt_bg_size=&#8221;auto auto&#8221; rt_bg_position=&#8221;right top&#8221; rt_bg_attachment=&#8221;scroll&#8221;][rev_slider_vc alias=&#8221;rt-19-sample&#8221;][\/vc_column][\/vc_row][vc_row rt_row_background_width=&#8221;fullwidth&#8221; rt_row_content_width=&#8221;default&#8221; rt_row_style=&#8221;default-style&#8221; rt_column_placement=&#8221;middle&#8221; rt_row_borders=&#8221;bottom&#8221; rt_grid=&#8221;true&#8221; rt_equal_heights=&#8221;true&#8221; rt_col_anim=&#8221;true&#8221; rt_row_paddings=&#8221;true&#8221; rt_bg_effect=&#8221;parallax&#8221; rt_bg_parallax_effect=&#8221;1&#8243; rt_bg_image_repeat=&#8221;repeat&#8221; rt_bg_size=&#8221;auto auto&#8221; rt_bg_position=&#8221;right top&#8221; rt_bg_video_format=&#8221;self-hosted&#8221; rt_row_width=&#8221;default&#8221; rt_row_placement=&#8221;true&#8221; rt_padding_top=&#8221;45&#8243; rt_padding_bottom=&#8221;45&#8243;][vc_column width=&#8221;1\/3&#8243; rt_wrp_col_paddings=&#8221;false&#8221; rt_border_top=&#8221;&#8221; rt_border_bottom=&#8221;&#8221; rt_border_left=&#8221;&#8221; rt_border_right=&#8221;&#8221; rt_border_top_mobile=&#8221;&#8221; rt_border_bottom_mobile=&#8221;&#8221; rt_border_left_mobile=&#8221;&#8221; rt_border_right_mobile=&#8221;&#8221; rt_bg_image_repeat=&#8221;repeat&#8221; rt_bg_size=&#8221;auto auto&#8221; rt_bg_position=&#8221;right top&#8221; rt_bg_attachment=&#8221;scroll&#8221;]<div class=\"button_wrapper  aligncenter\"><a  href=\"https:\/\/demo.turevmedya.com\/ursa\/katalog\/html5forpc.html\" target=\"_self\" title=\"ONL\u0130NE KATALOG\" class=\"button_  heading-font color medium\" style=\"font-size:18px;padding-left:50px;padding-right:50px;\"><span class=\"icon-book-open\"><\/span>ONL\u0130NE KATALOG<\/a><\/div>[\/vc_column][vc_column width=&#8221;1\/3&#8243; rt_wrp_col_paddings=&#8221;false&#8221; rt_border_top=&#8221;&#8221; rt_border_bottom=&#8221;&#8221; rt_border_left=&#8221;&#8221; rt_border_right=&#8221;&#8221; rt_border_top_mobile=&#8221;&#8221; rt_border_bottom_mobile=&#8221;&#8221; rt_border_left_mobile=&#8221;&#8221; rt_border_right_mobile=&#8221;&#8221; rt_bg_image_repeat=&#8221;repeat&#8221; rt_bg_size=&#8221;auto auto&#8221; rt_bg_position=&#8221;right top&#8221; rt_bg_attachment=&#8221;scroll&#8221;]<div class=\"button_wrapper  aligncenter\"><a  href=\"https:\/\/demo.turevmedya.com\/ursa\/belgelerimiz\/\" target=\"_self\" title=\"Discover\" class=\"button_  heading-font color medium\" style=\"font-size:18px;padding-left:50px;padding-right:50px;\"><span class=\"icon-new-attach-1\"><\/span>BELGELER\u0130M\u0130Z<\/a><\/div>[\/vc_column][vc_column width=&#8221;1\/3&#8243; rt_wrp_col_paddings=&#8221;false&#8221; rt_border_top=&#8221;&#8221; rt_border_bottom=&#8221;&#8221; rt_border_left=&#8221;&#8221; rt_border_right=&#8221;&#8221; rt_border_top_mobile=&#8221;&#8221; rt_border_bottom_mobile=&#8221;&#8221; rt_border_left_mobile=&#8221;&#8221; rt_border_right_mobile=&#8221;&#8221; rt_bg_image_repeat=&#8221;repeat&#8221; rt_bg_size=&#8221;auto auto&#8221; rt_bg_position=&#8221;right top&#8221; rt_bg_attachment=&#8221;scroll&#8221;]<div class=\"button_wrapper  aligncenter\"><a  href=\"https:\/\/demo.turevmedya.com\/ursa\/kariyer\/\" target=\"_self\" title=\"KAR\u0130YER\" class=\"button_  heading-font color medium\" style=\"font-size:18px;padding-left:50px;padding-right:50px;\"><span class=\"icon-firefox\"><\/span>KAR\u0130YER<\/a><\/div>[\/vc_column][\/vc_row][vc_row rt_row_background_width=&#8221;fullwidth&#8221; rt_row_content_width=&#8221;default&#8221; rt_row_style=&#8221;alt-style-1&#8243; rt_row_borders=&#8221;&#8221; rt_grid=&#8221;true&#8221; rt_col_anim=&#8221;true&#8221; rt_row_paddings=&#8221;true&#8221; rt_bg_effect=&#8221;classic&#8221; rt_bg_image_repeat=&#8221;repeat&#8221; rt_bg_size=&#8221;cover&#8221; rt_bg_position=&#8221;right top&#8221; rt_bg_attachment=&#8221;scroll&#8221; rt_bg_video_format=&#8221;self-hosted&#8221; rt_padding_top=&#8221;40&#8243; rt_padding_bottom=&#8221;40&#8243;][vc_column rt_wrp_col_paddings=&#8221;false&#8221; rt_border_top=&#8221;&#8221; rt_border_bottom=&#8221;&#8221; rt_border_left=&#8221;&#8221; rt_border_right=&#8221;&#8221; rt_border_top_mobile=&#8221;&#8221; rt_border_bottom_mobile=&#8221;&#8221; rt_border_left_mobile=&#8221;&#8221; rt_border_right_mobile=&#8221;&#8221; rt_bg_image_repeat=&#8221;repeat&#8221; rt_bg_size=&#8221;auto auto&#8221; rt_bg_position=&#8221;right top&#8221; rt_bg_attachment=&#8221;scroll&#8221;]<div class=\"rt_heading_wrapper \">\n\t\t\t\t\t\t<h1 class=\"rt_heading  aligncenter \"  style=\"color:#20409a;\">Ta\u015f\u0131r ve Korur<\/h1>\n\t\t\t\t\t<\/div>[vc_empty_space][vc_row_inner rt_row_style=&#8221;global-style&#8221; rt_row_borders=&#8221;&#8221; rt_row_paddings=&#8221;true&#8221; rt_bg_effect=&#8221;classic&#8221; rt_bg_image_repeat=&#8221;repeat&#8221; rt_bg_size=&#8221;cover&#8221; rt_bg_position=&#8221;right top&#8221; rt_bg_attachment=&#8221;scroll&#8221; rt_bg_video_format=&#8221;self-hosted&#8221; rt_padding_top=&#8221;5&#8243; rt_padding_bottom=&#8221;5&#8243;][vc_column_inner width=&#8221;1\/3&#8243; rt_wrp_col_paddings=&#8221;false&#8221; rt_border_top=&#8221;&#8221; rt_border_bottom=&#8221;&#8221; rt_border_left=&#8221;&#8221; rt_border_right=&#8221;&#8221; rt_border_top_mobile=&#8221;&#8221; rt_border_bottom_mobile=&#8221;&#8221; rt_border_left_mobile=&#8221;&#8221; rt_border_right_mobile=&#8221;&#8221; rt_bg_image_repeat=&#8221;repeat&#8221; rt_bg_size=&#8221;auto auto&#8221; rt_bg_position=&#8221;right top&#8221; rt_bg_attachment=&#8221;scroll&#8221;]<article  class=\"icon-content-box content-box icon-left icon-style-1\"><div class=\"icon-holder\"><a href=\"https:\/\/demo.turevmedya.com\/ursa\/#\" title=\"\" target=\"_self\"><span class=\"icon-new-heart-1\"><\/span><\/a><\/div><div class=\"text-holder\">\n\t<h5 class=\"heading\">\n\t\t<a href=\"https:\/\/demo.turevmedya.com\/ursa\/#\" title=\"44 Y\u0131ll\u0131k Tecr\u00fcbe\" target=\"_self\">\n\t\t\t44 Y\u0131ll\u0131k Tecr\u00fcbe\n\t\t<\/a>\n\t<\/h5> <p>\u00dcretim ve sanayicilikte edinmi\u015f oldu\u011fumuz 44 y\u0131ll\u0131k birikimin hakl\u0131 gururunu ya\u015fayarak gelece\u011fe g\u00fcvenle bakmaktay\u0131z.<\/p>\n<\/div><\/article>[\/vc_column_inner][vc_column_inner width=&#8221;1\/3&#8243; rt_wrp_col_paddings=&#8221;false&#8221; rt_border_top=&#8221;&#8221; rt_border_bottom=&#8221;&#8221; rt_border_left=&#8221;&#8221; rt_border_right=&#8221;&#8221; rt_border_top_mobile=&#8221;&#8221; rt_border_bottom_mobile=&#8221;&#8221; rt_border_left_mobile=&#8221;&#8221; rt_border_right_mobile=&#8221;&#8221; rt_bg_image_repeat=&#8221;repeat&#8221; rt_bg_size=&#8221;auto auto&#8221; rt_bg_position=&#8221;right top&#8221; rt_bg_attachment=&#8221;scroll&#8221;]<article  class=\"icon-content-box content-box icon-left icon-style-1\"><div class=\"icon-holder\"><span class=\"icon-new-eye-1\"><\/span><\/div><div class=\"text-holder\"><h5 class=\"heading\">\u00dcretim<\/h5> <p>Firmam\u0131z; 130.000 m2 \u00fczerine kurulu 3 ayr\u0131 tam entegre fabrikalar\u0131 ile b\u00f6lgenin ve T\u00fcrkiye\u2019nin sayg\u0131n ve lider firmalar\u0131ndan biridir.<\/p>\n<\/div><\/article>[\/vc_column_inner][vc_column_inner width=&#8221;1\/3&#8243; rt_wrp_col_paddings=&#8221;false&#8221; rt_border_top=&#8221;&#8221; rt_border_bottom=&#8221;&#8221; rt_border_left=&#8221;&#8221; rt_border_right=&#8221;&#8221; rt_border_top_mobile=&#8221;&#8221; rt_border_bottom_mobile=&#8221;&#8221; rt_border_left_mobile=&#8221;&#8221; rt_border_right_mobile=&#8221;&#8221; rt_bg_image_repeat=&#8221;repeat&#8221; rt_bg_size=&#8221;auto auto&#8221; rt_bg_position=&#8221;right top&#8221; rt_bg_attachment=&#8221;scroll&#8221;]<article  class=\"icon-content-box content-box icon-left icon-style-1\"><div class=\"icon-holder\"><span class=\"icon-spin4\"><\/span><\/div><div class=\"text-holder\"><h5 class=\"heading\">Kalite<\/h5> <p>T\u00fcm alanlarda \u00fcretti\u011fimiz \u00fcr\u00fcnler \u00fcst\u00fcn kalitede olup, standartlara uygun bir \u015fekilde \u00fcretilmektedir.<\/p>\n<\/div><\/article>[\/vc_column_inner][\/vc_row_inner][vc_row_inner rt_row_style=&#8221;global-style&#8221; rt_row_borders=&#8221;&#8221; rt_row_paddings=&#8221;true&#8221; rt_bg_effect=&#8221;classic&#8221; rt_bg_image_repeat=&#8221;repeat&#8221; rt_bg_size=&#8221;cover&#8221; rt_bg_position=&#8221;right top&#8221; rt_bg_attachment=&#8221;scroll&#8221; rt_bg_video_format=&#8221;self-hosted&#8221; rt_padding_top=&#8221;5&#8243; rt_padding_bottom=&#8221;5&#8243;][vc_column_inner width=&#8221;1\/3&#8243; rt_wrp_col_paddings=&#8221;false&#8221; rt_border_top=&#8221;&#8221; rt_border_bottom=&#8221;&#8221; rt_border_left=&#8221;&#8221; rt_border_right=&#8221;&#8221; rt_border_top_mobile=&#8221;&#8221; rt_border_bottom_mobile=&#8221;&#8221; rt_border_left_mobile=&#8221;&#8221; rt_border_right_mobile=&#8221;&#8221; rt_bg_image_repeat=&#8221;repeat&#8221; rt_bg_size=&#8221;auto auto&#8221; rt_bg_position=&#8221;right top&#8221; rt_bg_attachment=&#8221;scroll&#8221;]<article  class=\"icon-content-box content-box icon-left icon-style-1\"><div class=\"icon-holder\"><span class=\"icon-ok\"><\/span><\/div><div class=\"text-holder\"><h5 class=\"heading\">%100 M\u00fc\u015fteri Memnuniyeti<\/h5> <p>M\u00fc\u015fteri memnuniyeti ilkesi ile \u00e7al\u0131\u015fmakta, hizmet anlay\u0131\u015f\u0131m\u0131zdan taviz vermeden m\u00fc\u015fterilerimize kal\u0131c\u0131 hizmetler vermeye devam etmekteyiz.<\/p>\n<\/div><\/article>[\/vc_column_inner][vc_column_inner width=&#8221;1\/3&#8243; rt_wrp_col_paddings=&#8221;false&#8221; rt_border_top=&#8221;&#8221; rt_border_bottom=&#8221;&#8221; rt_border_left=&#8221;&#8221; rt_border_right=&#8221;&#8221; rt_border_top_mobile=&#8221;&#8221; rt_border_bottom_mobile=&#8221;&#8221; rt_border_left_mobile=&#8221;&#8221; rt_border_right_mobile=&#8221;&#8221; rt_bg_image_repeat=&#8221;repeat&#8221; rt_bg_size=&#8221;auto auto&#8221; rt_bg_position=&#8221;right top&#8221; rt_bg_attachment=&#8221;scroll&#8221;]<article  class=\"icon-content-box content-box icon-left icon-style-1\"><div class=\"icon-holder\"><span class=\"icon-new-user-1\"><\/span><\/div><div class=\"text-holder\"><h5 class=\"heading\">Profesyonel Kadro<\/h5> <p>Alan\u0131nda e\u011fitim alm\u0131\u015f ve uzmanla\u015fm\u0131\u015f, geli\u015fen t\u00fcm teknolojileri takip eden profesyonel ekibimizle birlikte \u00fcretim a\u015famalar\u0131n\u0131 ger\u00e7ekle\u015ftirmekteyiz.<\/p>\n<\/div><\/article>[\/vc_column_inner][vc_column_inner width=&#8221;1\/3&#8243; rt_wrp_col_paddings=&#8221;false&#8221; rt_border_top=&#8221;&#8221; rt_border_bottom=&#8221;&#8221; rt_border_left=&#8221;&#8221; rt_border_right=&#8221;&#8221; rt_border_top_mobile=&#8221;&#8221; rt_border_bottom_mobile=&#8221;&#8221; rt_border_left_mobile=&#8221;&#8221; rt_border_right_mobile=&#8221;&#8221; rt_bg_image_repeat=&#8221;repeat&#8221; rt_bg_size=&#8221;auto auto&#8221; rt_bg_position=&#8221;right top&#8221; rt_bg_attachment=&#8221;scroll&#8221;]<article  class=\"icon-content-box content-box icon-left icon-style-1\"><div class=\"icon-holder\"><span class=\"icon-gauge-1\"><\/span><\/div><div class=\"text-holder\"><h5 class=\"heading\">\u0130hracat<\/h5> <p>H\u0131zla b\u00fcy\u00fcyen ve yat\u0131r\u0131mla g\u00fc\u00e7lenen fabrikalar\u0131m\u0131zla; T\u00fcrkiye&#8217;nin yan\u0131 s\u0131ra 20&#8217;den fazla \u00fclkeye ihracat ger\u00e7ekle\u015ftiriyoruz.<\/p>\n<\/div><\/article>[\/vc_column_inner][\/vc_row_inner][\/vc_column][\/vc_row][vc_row rt_row_background_width=&#8221;fullwidth&#8221; rt_row_content_width=&#8221;default&#8221; rt_row_style=&#8221;default-style&#8221; rt_row_borders=&#8221;&#8221; rt_row_paddings=&#8221;true&#8221; rt_bg_effect=&#8221;classic&#8221; rt_bg_image_repeat=&#8221;repeat&#8221; rt_bg_size=&#8221;cover&#8221; rt_bg_position=&#8221;right top&#8221; rt_bg_attachment=&#8221;scroll&#8221; rt_bg_video_format=&#8221;self-hosted&#8221;][vc_column width=&#8221;1\/2&#8243; rt_wrp_col_paddings=&#8221;false&#8221; rt_border_top=&#8221;&#8221; rt_border_bottom=&#8221;&#8221; rt_border_left=&#8221;&#8221; rt_border_right=&#8221;&#8221; rt_border_top_mobile=&#8221;&#8221; rt_border_bottom_mobile=&#8221;&#8221; rt_border_left_mobile=&#8221;&#8221; rt_border_right_mobile=&#8221;&#8221; rt_bg_image_repeat=&#8221;repeat&#8221; rt_bg_size=&#8221;auto auto&#8221; rt_bg_position=&#8221;right top&#8221; rt_bg_attachment=&#8221;scroll&#8221;]<div class=\"rt_heading_wrapper \">\n\t\t\t\t\t\t<h1 class=\"rt_heading  \" >Biz Kimiz?<\/h1>\n\t\t\t\t\t<\/div>[vc_custom_heading text=&#8221;\u00dcretimde her zaman y\u00fcksek teknoloji makineler tercih ederek, yenilenen hatlarla \u00fcretime devam eden UR-SA; makroekonomik olumsuz ko\u015fullardan ve krizlerden etkilenmeden, kapasite art\u0131\u015f\u0131yla ve b\u00fcy\u00fcme odakl\u0131 \u00e7al\u0131\u015fma prensipleriyle T\u00fcrkiye\u2019ye g\u00fc\u00e7 katmaktad\u0131r.<\/p>\n<p>500\u2019den fazla \u00e7al\u0131\u015fan\u0131, y\u0131ll\u0131k 24.000 ton \u00fcretim kapasitesi, 43 y\u0131ll\u0131k \u00fcretim tecr\u00fcbesi, modern ve son teknoloji makine parkuru ve geni\u015f \u00fcretim yelpazesi ile 50\u2019den fazla \u00fclkeye ihracat yapmaktad\u0131r&#8221; font_container=&#8221;tag:h6|text_align:left&#8221; google_fonts=&#8221;font_family:Roboto%20Condensed%3A300%2C300italic%2Cregular%2Citalic%2C700%2C700italic|font_style:400%20regular%3A400%3Anormal&#8221;]<div class=\"button_wrapper  alignleft\"><a  href=\"https:\/\/demo.turevmedya.com\/ursa\/about-us\/\" target=\"_self\" title=\"Kurumsal\" class=\"button_  heading-font color medium\" style=\"font-size:18px;padding-left:40px;padding-right:40px;\"><span class=\"icon-angle-double-right\"><\/span>Kurumsal<\/a><\/div>[\/vc_column][vc_column width=&#8221;1\/2&#8243; rt_wrp_col_paddings=&#8221;false&#8221; rt_border_top=&#8221;&#8221; rt_border_bottom=&#8221;&#8221; rt_border_left=&#8221;&#8221; rt_border_right=&#8221;&#8221; rt_border_top_mobile=&#8221;&#8221; rt_border_bottom_mobile=&#8221;&#8221; rt_border_left_mobile=&#8221;&#8221; rt_border_right_mobile=&#8221;&#8221; rt_bg_image_repeat=&#8221;repeat&#8221; rt_bg_size=&#8221;auto auto&#8221; rt_bg_position=&#8221;right top&#8221; rt_bg_attachment=&#8221;scroll&#8221;][vc_video link=&#8221;https:\/\/www.youtube.com\/watch?v=ZVtnRYJrCuE&amp;feature=youtu.be&#8221;][\/vc_column][\/vc_row][vc_row rt_row_background_width=&#8221;fullwidth&#8221; rt_row_content_width=&#8221;default&#8221; rt_row_style=&#8221;default-style&#8221; rt_row_borders=&#8221;&#8221; rt_col_anim=&#8221;true&#8221; rt_row_paddings=&#8221;true&#8221; rt_bg_effect=&#8221;parallax&#8221; rt_bg_parallax_effect=&#8221;1&#8243; rt_bg_image_repeat=&#8221;repeat&#8221; rt_bg_size=&#8221;auto auto&#8221; rt_bg_position=&#8221;right top&#8221; rt_bg_video_format=&#8221;self-hosted&#8221; rt_row_width=&#8221;default&#8221; rt_padding_top=&#8221;100&#8243; rt_padding_bottom=&#8221;0&#8243;][vc_column rt_wrp_col_paddings=&#8221;false&#8221; rt_border_top=&#8221;&#8221; rt_border_bottom=&#8221;&#8221; rt_border_left=&#8221;&#8221; rt_border_right=&#8221;&#8221; rt_border_top_mobile=&#8221;&#8221; rt_border_bottom_mobile=&#8221;&#8221; rt_border_left_mobile=&#8221;&#8221; rt_border_right_mobile=&#8221;&#8221; rt_bg_image_repeat=&#8221;repeat&#8221; rt_bg_size=&#8221;auto auto&#8221; rt_bg_position=&#8221;right top&#8221; rt_bg_attachment=&#8221;scroll&#8221;]<div class=\"rt_heading_wrapper style-4\">\n\t\t\t\t\t\t<h2 class=\"rt_heading  style-4\" >DUYURULAR &amp; HABERLER<\/h2>\n\t\t\t\t\t<\/div>\n<div id=\"blog-dynamicID-455646\" class=\"blog_list clearfix border_grid fixed_heights\" data-column-width=\"3\">\n<div class=\"row clearfix\">\n<div class=\"col col-sm-4\">\n \n\n<!-- blog box-->\n<article class=\"loop post-3273 post type-post status-publish format-standard has-post-thumbnail hentry category-haberler\" id=\"post-3273\">\n\t\t\n\t\n\t\n\t<figure class=\"featured_image featured_media\">\n\n\t\t\n\t\t\t\t<a id=\"lightbox-608434\" class=\"imgeffect zoom lightbox_ featured_image\" data-group=\"image_4053\" title=\"Enlarge Image\" data-title=\"Growtech Tar\u0131m Fuar\u0131 2023\" data-sub-html=\"#lightbox-608434-description\" data-thumbnail=\"https:\/\/demo.turevmedya.com\/ursa\/wp-content\/uploads\/2023\/03\/GROWTECH-TARIM-FUARI-2023-3-75x50.jpg\" data-thumbTooltip=\"\" data-scaleUp=\"\" data-href=\"\" data-width=\"\" data-height=\"\" data-flashHasPriority=\"\" data-poster=\"\" data-autoplay=\"\" data-audiotitle=\"\" data-html=\"\" href=\"https:\/\/demo.turevmedya.com\/ursa\/wp-content\/uploads\/2023\/03\/GROWTECH-TARIM-FUARI-2023-3.jpg\" ><img decoding=\"async\" src=\"https:\/\/demo.turevmedya.com\/ursa\/wp-content\/uploads\/2023\/03\/GROWTECH-TARIM-FUARI-2023-3-640x676.jpg\" alt=\"\" class=\"\" \/><\/a>\r\n\t\t\t<div class=\"lighbox-description hidden\" id=\"lightbox-608434-description\">\r\n\t\t\t\t<strong>Growtech Tar\u0131m Fuar\u0131 2023<\/strong><br>\r\n\t\t\t\t\r\n\t\t\t<\/div>\t\t\t\t<span class=\"format-icon icon-pencil\"><\/span>\n\n\t\t\t\n\t<\/figure> \n\t\n\n\t \n\t<div class=\"text entry-content\">\n\n\t\t<!-- blog headline-->\n\t\t<h2 class=\"entry-title\"><a href=\"https:\/\/demo.turevmedya.com\/ursa\/growtech-tarim-fuari-2023\/\" rel=\"bookmark\">Growtech Tar\u0131m Fuar\u0131 2023<\/a><\/h2> \n\t\t\t\n\n\t\t<p>D\u00fcnyan\u0131n en b\u00fcy\u00fck \u00f6rt\u00fc alt\u0131 (serac\u0131l\u0131k) tar\u0131m sekt\u00f6r\u00fc fuar\u0131&nbsp;Growtech, 22-25 Kas\u0131m 2023&nbsp;tarihleri aras\u0131nda global tar\u0131m sekt\u00f6r\u00fc profesyonellerini 22. kez&nbsp;Antalya&#8217;da&nbsp;bir araya getirecek.&nbsp; Tar\u0131m sekt\u00f6r\u00fc profesyonellerinin kat\u0131lmas\u0131 gereken en \u00f6nemli fuara&nbsp;Ur-Sa Plastik Ambalaj ve Tekstil A.\u015e.&nbsp;olarak bizler de kat\u0131l\u0131m sa\u011fl\u0131yoruz. Sizleri de aram\u0131zda g\u00f6rmekten mutluluk duyar\u0131z.<\/p>\n\n\t\t\t\t<!-- meta data -->\r\n\t\t<div class=\"post_data\">\r\n\r\n\t\t\t\r\n\t\t\t\r\n\t\t\t\r\n\t\t\t\r\n\t\t<\/div><!-- \/ end div  .post_data -->\r\n\t\n\t<\/div> \n\n<\/article> \n<!-- \/ blog box-->\n<\/div>\n<div class=\"col col-sm-4\">\n \n\n<!-- blog box-->\n<article class=\"loop post-3284 post type-post status-publish format-standard has-post-thumbnail hentry category-haberler\" id=\"post-3284\">\n\t\t\n\t\n\t\n\t<figure class=\"featured_image featured_media\">\n\n\t\t\n\t\t\t\t<a id=\"lightbox-980098\" class=\"imgeffect zoom lightbox_ featured_image\" data-group=\"image_4100\" title=\"Enlarge Image\" data-title=\"Avrasya Ambalaj Fuar\u0131 2023\" data-sub-html=\"#lightbox-980098-description\" data-thumbnail=\"https:\/\/demo.turevmedya.com\/ursa\/wp-content\/uploads\/2023\/03\/10.15.45-75x50.jpeg\" data-thumbTooltip=\"\" data-scaleUp=\"\" data-href=\"\" data-width=\"\" data-height=\"\" data-flashHasPriority=\"\" data-poster=\"\" data-autoplay=\"\" data-audiotitle=\"\" data-html=\"\" href=\"https:\/\/demo.turevmedya.com\/ursa\/wp-content\/uploads\/2023\/03\/10.15.45.jpeg\" ><img decoding=\"async\" src=\"https:\/\/demo.turevmedya.com\/ursa\/wp-content\/uploads\/2023\/03\/10.15.45-640x659.jpeg\" alt=\"\" class=\"\" \/><\/a>\r\n\t\t\t<div class=\"lighbox-description hidden\" id=\"lightbox-980098-description\">\r\n\t\t\t\t<strong>Avrasya Ambalaj Fuar\u0131 2023<\/strong><br>\r\n\t\t\t\t\r\n\t\t\t<\/div>\t\t\t\t<span class=\"format-icon icon-pencil\"><\/span>\n\n\t\t\t\n\t<\/figure> \n\t\n\n\t \n\t<div class=\"text entry-content\">\n\n\t\t<!-- blog headline-->\n\t\t<h2 class=\"entry-title\"><a href=\"https:\/\/demo.turevmedya.com\/ursa\/avrasya-ambalaj-fuari-2023\/\" rel=\"bookmark\">Avrasya Ambalaj Fuar\u0131 2023<\/a><\/h2> \n\t\t\t\n\n\t\t<p>Lider ambalaj end\u00fcstrisi fuar\u0131&nbsp;Avrasya Ambalaj,&nbsp;11-14 Ekim 2023&nbsp;tarihleri aras\u0131nda t\u00fcm sekt\u00f6r profesyonellerini&nbsp;\u0130stanbul&#8217;daki T\u00fcyap Fuar ve Kongre Merkezi&#8216;nde yeniden bir araya getiriyor.&nbsp; UR-SA olarak kat\u0131l\u0131m sa\u011fl\u0131yoruz, sizleri misafir etmekten mutluluk duyar\u0131z.<\/p>\n\n\t\t\t\t<!-- meta data -->\r\n\t\t<div class=\"post_data\">\r\n\r\n\t\t\t\r\n\t\t\t\r\n\t\t\t\r\n\t\t\t\r\n\t\t<\/div><!-- \/ end div  .post_data -->\r\n\t\n\t<\/div> \n\n<\/article> \n<!-- \/ blog box-->\n<\/div>\n<div class=\"col col-sm-4\">\n \n\n<!-- blog box-->\n<article class=\"loop post-3282 post type-post status-publish format-standard has-post-thumbnail hentry category-haberler\" id=\"post-3282\">\n\t\t\n\t\n\t\n\t<figure class=\"featured_image featured_media\">\n\n\t\t\n\t\t\t\t<a id=\"lightbox-156783\" class=\"imgeffect zoom lightbox_ featured_image\" data-group=\"image_4110\" title=\"Enlarge Image\" data-title=\"Growtech Tar\u0131m Fuar\u0131 Antalya 2022\" data-sub-html=\"#lightbox-156783-description\" data-thumbnail=\"https:\/\/demo.turevmedya.com\/ursa\/wp-content\/uploads\/2023\/01\/Basliksiz-2-75x50.png\" data-thumbTooltip=\"\" data-scaleUp=\"\" data-href=\"\" data-width=\"\" data-height=\"\" data-flashHasPriority=\"\" data-poster=\"\" data-autoplay=\"\" data-audiotitle=\"\" data-html=\"\" href=\"https:\/\/demo.turevmedya.com\/ursa\/wp-content\/uploads\/2023\/01\/Basliksiz-2.png\" ><img decoding=\"async\" src=\"https:\/\/demo.turevmedya.com\/ursa\/wp-content\/uploads\/2023\/01\/Basliksiz-2-640x640.png\" alt=\"\" class=\"\" \/><\/a>\r\n\t\t\t<div class=\"lighbox-description hidden\" id=\"lightbox-156783-description\">\r\n\t\t\t\t<strong>Growtech Tar\u0131m Fuar\u0131 Antalya 2022<\/strong><br>\r\n\t\t\t\t\r\n\t\t\t<\/div>\t\t\t\t<span class=\"format-icon icon-pencil\"><\/span>\n\n\t\t\t\n\t<\/figure> \n\t\n\n\t \n\t<div class=\"text entry-content\">\n\n\t\t<!-- blog headline-->\n\t\t<h2 class=\"entry-title\"><a href=\"https:\/\/demo.turevmedya.com\/ursa\/uluslararasi-istanbul-plastik-endustrisi-fuari-hazirliklari-basladi\/\" rel=\"bookmark\">Growtech Tar\u0131m Fuar\u0131 Antalya 2022<\/a><\/h2> \n\t\t\t\n\n\t\t<p>D\u00fcnyan\u0131n en b\u00fcy\u00fck \u00f6rt\u00fc alt\u0131 (serac\u0131l\u0131k) tar\u0131m sekt\u00f6r\u00fc fuar\u0131 Growtech, 23-26 Kas\u0131m 2022 tarihleri aras\u0131nda global tar\u0131m sekt\u00f6r\u00fc profesyonellerini 21. kez Antalya&#8217;da bir araya getirecek.\u00a0 Ursa Plastik Ambalaj ve Tekstil A.\u015e. olarak bizler de fuarda yerimizi ald\u0131k, sizleride aram\u0131zda g\u00f6rmekten mutluluk duyar\u0131z.<\/p>\n\n\t\t\t\t<!-- meta data -->\r\n\t\t<div class=\"post_data\">\r\n\r\n\t\t\t\r\n\t\t\t\r\n\t\t\t\r\n\t\t\t\r\n\t\t<\/div><!-- \/ end div  .post_data -->\r\n\t\n\t<\/div> \n\n<\/article> \n<!-- \/ blog box-->\n<\/div>\n<\/div>\n<\/div>\n<div class=\"paging_wrapper margin-t30 margin-b30\"><\/div>[\/vc_column][\/vc_row]<\/p>\n","protected":false},"excerpt":{"rendered":"<p>[vc_row rt_row_background_width=&#8221;fullwidth&#8221; rt_row_content_width=&#8221;fullwidth&#8221; rt_row_style=&#8221;light-style&#8221; rt_row_borders=&#8221;&#8221; rt_row_paddings=&#8221;false&#8221; rt_bg_effect=&#8221;classic&#8221; rt_bg_image_repeat=&#8221;repeat&#8221; rt_bg_size=&#8221;cover&#8221; rt_bg_position=&#8221;right top&#8221; rt_bg_attachment=&#8221;scroll&#8221; rt_bg_video_format=&#8221;self-hosted&#8221;][vc_column rt_wrp_col_paddings=&#8221;false&#8221; rt_border_top=&#8221;&#8221; rt_border_bottom=&#8221;&#8221; rt_border_left=&#8221;&#8221; rt_border_right=&#8221;&#8221; rt_border_top_mobile=&#8221;&#8221; rt_border_bottom_mobile=&#8221;&#8221; rt_border_left_mobile=&#8221;&#8221; rt_border_right_mobile=&#8221;&#8221; rt_bg_image_repeat=&#8221;repeat&#8221; rt_bg_size=&#8221;auto auto&#8221; rt_bg_position=&#8221;right top&#8221; rt_bg_attachment=&#8221;scroll&#8221;][rev_slider_vc alias=&#8221;rt-19-sample&#8221;][\/vc_column][\/vc_row][vc_row rt_row_background_width=&#8221;fullwidth&#8221; rt_row_content_width=&#8221;default&#8221; rt_row_style=&#8221;default-style&#8221; rt_column_placement=&#8221;middle&#8221; rt_row_borders=&#8221;bottom&#8221; rt_grid=&#8221;true&#8221; rt_equal_heights=&#8221;true&#8221; rt_col_anim=&#8221;true&#8221; rt_row_paddings=&#8221;true&#8221; rt_bg_effect=&#8221;parallax&#8221; rt_bg_parallax_effect=&#8221;1&#8243; rt_bg_image_repeat=&#8221;repeat&#8221; rt_bg_size=&#8221;auto auto&#8221; rt_bg_position=&#8221;right top&#8221; rt_bg_video_format=&#8221;self-hosted&#8221; rt_row_width=&#8221;default&#8221; rt_row_placement=&#8221;true&#8221; rt_padding_top=&#8221;45&#8243; rt_padding_bottom=&#8221;45&#8243;][vc_column width=&#8221;1\/3&#8243; rt_wrp_col_paddings=&#8221;false&#8221; rt_border_top=&#8221;&#8221; rt_border_bottom=&#8221;&#8221; rt_border_left=&#8221;&#8221; [&hellip;]<\/p>\n","protected":false},"author":1,"featured_media":0,"parent":0,"menu_order":0,"comment_status":"closed","ping_status":"closed","template":"","meta":{"rs_blank_template":"","rs_page_bg_color":"","slide_template_v7":"","footnotes":""},"class_list":["post-2554","page","type-page","status-publish","hentry"],"_links":{"self":[{"href":"https:\/\/demo.turevmedya.com\/ursa\/wp-json\/wp\/v2\/pages\/2554","targetHints":{"allow":["GET"]}}],"collection":[{"href":"https:\/\/demo.turevmedya.com\/ursa\/wp-json\/wp\/v2\/pages"}],"about":[{"href":"https:\/\/demo.turevmedya.com\/ursa\/wp-json\/wp\/v2\/types\/page"}],"author":[{"embeddable":true,"href":"https:\/\/demo.turevmedya.com\/ursa\/wp-json\/wp\/v2\/users\/1"}],"replies":[{"embeddable":true,"href":"https:\/\/demo.turevmedya.com\/ursa\/wp-json\/wp\/v2\/comments?post=2554"}],"version-history":[{"count":62,"href":"https:\/\/demo.turevmedya.com\/ursa\/wp-json\/wp\/v2\/pages\/2554\/revisions"}],"predecessor-version":[{"id":4061,"href":"https:\/\/demo.turevmedya.com\/ursa\/wp-json\/wp\/v2\/pages\/2554\/revisions\/4061"}],"wp:attachment":[{"href":"https:\/\/demo.turevmedya.com\/ursa\/wp-json\/wp\/v2\/media?parent=2554"}],"curies":[{"name":"wp","href":"https:\/\/api.w.org\/{rel}","templated":true}]}}