{"id":2793,"date":"2015-02-02T04:30:57","date_gmt":"2015-02-02T04:30:57","guid":{"rendered":"http:\/\/rttheme19.rtthemes.com\/?page_id=9"},"modified":"2023-04-24T16:58:01","modified_gmt":"2023-04-24T13:58:01","slug":"hakkimizda","status":"publish","type":"page","link":"https:\/\/demo.turevmedya.com\/cukurovasilo\/hakkimizda\/","title":{"rendered":"Hakk\u0131m\u0131zda"},"content":{"rendered":"<p>[vc_row rt_row_background_width=&#8221;fullwidth&#8221; rt_row_content_width=&#8221;default&#8221; rt_row_style=&#8221;default-style&#8221; rt_row_borders=&#8221;&#8221; rt_row_paddings=&#8221;true&#8221; rt_bg_image=&#8221;2369&#8243; rt_bg_effect=&#8221;parallax&#8221; rt_bg_parallax_effect=&#8221;3&#8243; rt_bg_image_repeat=&#8221;repeat&#8221; rt_bg_size=&#8221;cover&#8221; rt_bg_position=&#8221;right top&#8221; rt_bg_video_format=&#8221;self-hosted&#8221; rt_padding_top=&#8221;100&#8243; rt_padding_bottom=&#8221;140&#8243;][vc_column rt_wrp_col_paddings=&#8221;false&#8221; rt_border_top=&#8221;&#8221; rt_border_bottom=&#8221;&#8221; rt_border_left=&#8221;&#8221; rt_border_right=&#8221;&#8221; rt_border_top_mobile=&#8221;&#8221; rt_border_bottom_mobile=&#8221;&#8221; rt_border_left_mobile=&#8221;&#8221; rt_border_right_mobile=&#8221;&#8221; rt_bg_image_repeat=&#8221;repeat&#8221; rt_bg_size=&#8221;auto auto&#8221; rt_bg_position=&#8221;right top&#8221; rt_bg_attachment=&#8221;scroll&#8221;]<div class=\"rt_heading_wrapper style-4\">\n\t\t\t\t\t\t<h1 class=\"rt_heading  style-4\" >HAKKIMIZDA<\/h1>\n\t\t\t\t\t<\/div>[\/vc_column][\/vc_row][vc_row rt_row_background_width=&#8221;fullwidth&#8221; rt_row_content_width=&#8221;default&#8221; rt_row_style=&#8221;default-style&#8221; rt_row_borders=&#8221;bottom&#8221; rt_row_paddings=&#8221;true&#8221; rt_bg_effect=&#8221;classic&#8221; rt_bg_image_repeat=&#8221;repeat&#8221; rt_bg_size=&#8221;cover&#8221; rt_bg_position=&#8221;right top&#8221; rt_bg_attachment=&#8221;scroll&#8221; rt_bg_video_format=&#8221;self-hosted&#8221;][vc_column rt_wrp_col_paddings=&#8221;false&#8221; rt_border_top=&#8221;&#8221; rt_border_bottom=&#8221;&#8221; rt_border_left=&#8221;&#8221; rt_border_right=&#8221;&#8221; rt_border_top_mobile=&#8221;&#8221; rt_border_bottom_mobile=&#8221;&#8221; rt_border_left_mobile=&#8221;&#8221; rt_border_right_mobile=&#8221;&#8221; rt_bg_image_repeat=&#8221;repeat&#8221; rt_bg_size=&#8221;auto auto&#8221; rt_bg_position=&#8221;right top&#8221; rt_bg_attachment=&#8221;scroll&#8221;][vc_column_text]\u00c7S\u0130&#8217;nin 60.000 m2 lik tesisleri ve ofisi; mevcut ,en y\u00fcksek m\u00fchendislik ve imalat teknolojisine sahip modern ekipmanlarla donat\u0131lm\u0131\u015ft\u0131r. Amac\u0131m\u0131z ; Yurti\u00e7i ve Yurtd\u0131\u015f\u0131 sat\u0131\u015flarda, \u00c7S\u0130 markas\u0131yla pazarda, Y\u00fcksek Kalite ve En \u0130yi Hizmeti, y\u0131llard\u0131r edindi\u011fimiz deneyimlerle birle\u015ftirerek sunmakt\u0131r.<\/p>\n<p>Silolar\u0131n \u00fcretiminde kullan\u0131lan b\u00fct\u00fcn malzemeler ve ekipmanlar ISO 9001:2008 sertifikal\u0131d\u0131r ve Kalite Y\u00f6netim Sisteminin b\u00fct\u00fcn gereksinimlerini kar\u015f\u0131lamaktad\u0131r. \u00c7S\u0130; en ileri teknoloji ile donat\u0131lm\u0131\u015f tesislerinde silo ve ekipmanlar\u0131n\u0131n \u00fcretiminde uzmanla\u015fm\u0131\u015ft\u0131r.<\/p>\n<p>Gerekli teknoloji, yeterli i\u015fg\u00fcc\u00fc ve altyap\u0131ya sahip olarak, pazarda etkili bir konuma gelmi\u015ftir.En \u00f6nemli \u00f6zelli\u011fimiz; farkl\u0131 \u00e7ap ve tonajlardaki tah\u0131l depolama silolar\u0131 ile ta\u015f\u0131ma ekipmanlar\u0131 ve beton zeminlerin m\u00fcmk\u00fcn olan en k\u0131sa s\u00fcrede montaj\u0131n\u0131\/imalat\u0131n\u0131 ger\u00e7ekle\u015ftirebilmemizdir. Bu \u00f6zelli\u011fimiz ba\u015far\u0131m\u0131z\u0131n temelini olu\u015fturmaktad\u0131r.<\/p>\n<p>\u00c7S\u0130; uzmanla\u015fm\u0131\u015f kalite kontrol birimi ve Ar-Ge \u00fcnitesiyle ayr\u0131cal\u0131\u011f\u0131n\u0131 ispatlam\u0131\u015ft\u0131r. \u00dcretimin her a\u015famas\u0131nda modern makine ve ekipmanlar\u0131 kullanarak, yap\u0131lan \u00fcretim ve son teknoloji ile kalite kontrol\u00fc icra eden m\u00fchendislik ekibi, m\u00fc\u015fteri gereksinimlerini s\u00fcrekli analiz eder. Ar-Ge b\u00f6l\u00fcm\u00fcndeki tecr\u00fcbeli m\u00fchendislik ekibi; proje tasar\u0131mlar\u0131n\u0131, geli\u015ftirmeleri, \u015fablonlar\u0131,\u00e7izimleri ve \u00fcretim sistemlerini, en yeni bilgisayar programlar\u0131 ve tekniklerini kullanarak haz\u0131rlamaktad\u0131r.<\/p>\n<p>\u00c7S\u0130 ; m\u00fc\u015fteri ihtiya\u00e7lar\u0131n\u0131 kar\u015f\u0131lamak ve en kaliteli \u00fcr\u00fcnleri sunmak i\u00e7in kalite aray\u0131\u015f\u0131na s\u00fcrekli devam etmektedir.\u00dcretimdeki kalitemizin temel bile\u015fenleri; ileri teknoloji ile birlikte m\u00fc\u015fterinin ihtiya\u00e7lar\u0131d\u0131r. Kalitemizi ger\u00e7ekle\u015ftiren insan kayna\u011f\u0131m\u0131z s\u00fcrekli yat\u0131r\u0131m yapt\u0131\u011f\u0131m\u0131z temel konulardand\u0131r.<\/p>\n<p>S\u00fcrekli kalite aray\u0131\u015f\u0131ndaki yolculu\u011fumuzun ana rotas\u0131 m\u00fc\u015fterilerin \u00e7a\u011fda\u015f ihtiya\u00e7lar\u0131n\u0131 benimsemek ve gelecekteki gereksinimlerini tahmin etmektir.<\/p>\n<p>\u00c7S\u0130&#8217;nin en temel amac\u0131; sekt\u00f6rdeki ba\u015far\u0131s\u0131n\u0131 g\u00fcnden g\u00fcne ileri g\u00f6t\u00fcrmek, m\u00fc\u015fterilerine s\u00fcrekli en kaliteli \u00fcretim ve hizmeti sunmakt\u0131r.[\/vc_column_text][\/vc_column][\/vc_row][vc_row rt_row_background_width=&#8221;fullwidth&#8221; rt_row_content_width=&#8221;default&#8221; rt_row_style=&#8221;default-style&#8221; rt_row_borders=&#8221;&#8221; rt_grid=&#8221;true&#8221; rt_row_paddings=&#8221;true&#8221; rt_bg_effect=&#8221;classic&#8221; rt_bg_image_repeat=&#8221;repeat&#8221; rt_bg_size=&#8221;cover&#8221; rt_bg_position=&#8221;right top&#8221; rt_bg_attachment=&#8221;scroll&#8221; rt_bg_video_format=&#8221;self-hosted&#8221;][vc_column width=&#8221;1\/2&#8243; rt_wrp_col_paddings=&#8221;false&#8221; rt_border_top=&#8221;&#8221; rt_border_bottom=&#8221;&#8221; rt_border_left=&#8221;&#8221; rt_border_right=&#8221;&#8221; rt_border_top_mobile=&#8221;&#8221; rt_border_bottom_mobile=&#8221;&#8221; rt_border_left_mobile=&#8221;&#8221; rt_border_right_mobile=&#8221;&#8221; rt_bg_image_repeat=&#8221;repeat&#8221; rt_bg_size=&#8221;auto auto&#8221; rt_bg_position=&#8221;right top&#8221; rt_bg_attachment=&#8221;scroll&#8221;]<div class=\"rt_heading_wrapper style-1\">\n\t\t\t\t\t\t<h4 class=\"rt_heading  style-1\" >Our Services<\/h4>\n\t\t\t\t\t<\/div>[vc_column_text]Fusce scelerisque, massa vitae rhoncus elementum, enim velit sodales libero, id ullamcorper est metus vitae nibh.[\/vc_column_text][vc_accordion style=&#8221;icons&#8221; first_one_open=&#8221;&#8221;][vc_accordion_tab title=&#8221;Web Development&#8221; icon_name=&#8221;icon-laptop&#8221;][vc_column_text]Nam eu enim eget justo eleifend pulvinar eget quis quam. Morbi cursus gravida faucibus. Proin faucibus diam vitae sem bibendum vulputate. Nullam lobortis nibh at ex posuere, nec laoreet justo facilisis. Morbi pharetra lacus sed ex hendrerit, vitae congue turpis imperdiet. Integer laoreet dolor in lobortis dignissim! Quisque malesuada rutrum mi a laoreet. Nulla gravida finibus felis id viverra. Vestibulum volutpat leo non malesuada facilisis? Curabitur et tincidunt ligula. Curabitur dignissim consequat congue. Vestibulum diam quam; pulvinar et nisi ut, ultrices ullamcorper risus. Quisque magna mi, malesuada in purus nec, gravida egestas quam. Fusce in semper nibh. Aenean nec dapibus tortor, eget rhoncus mauris. Duis nibh elit; mattis vitae tempor et, ultricies hendrerit ex![\/vc_column_text][\/vc_accordion_tab][vc_accordion_tab title=&#8221;Graphic Design&#8221; icon_name=&#8221;icon-brush&#8221;][vc_column_text]Nam eu enim eget justo eleifend pulvinar eget quis quam. Morbi cursus gravida faucibus. Proin faucibus diam vitae sem bibendum vulputate. Nullam lobortis nibh at ex posuere, nec laoreet justo facilisis. Morbi pharetra lacus sed ex hendrerit, vitae congue turpis imperdiet. Integer laoreet dolor in lobortis dignissim! Quisque malesuada rutrum mi a laoreet. Nulla gravida finibus felis id viverra. Vestibulum volutpat leo non malesuada facilisis? Curabitur et tincidunt ligula. Curabitur dignissim consequat congue. Vestibulum diam quam; pulvinar et nisi ut, ultrices ullamcorper risus. Quisque magna mi, malesuada in purus nec, gravida egestas quam. Fusce in semper nibh. Aenean nec dapibus tortor, eget rhoncus mauris. Duis nibh elit; mattis vitae tempor et, ultricies hendrerit ex![\/vc_column_text][\/vc_accordion_tab][vc_accordion_tab title=&#8221;Video Production&#8221; icon_name=&#8221;icon-new-video-1&#8243;][vc_column_text]Nam eu enim eget justo eleifend pulvinar eget quis quam. Morbi cursus gravida faucibus. Proin faucibus diam vitae sem bibendum vulputate. Nullam lobortis nibh at ex posuere, nec laoreet justo facilisis. Morbi pharetra lacus sed ex hendrerit, vitae congue turpis imperdiet. Integer laoreet dolor in lobortis dignissim! Quisque malesuada rutrum mi a laoreet. Nulla gravida finibus felis id viverra. Vestibulum volutpat leo non malesuada facilisis? Curabitur et tincidunt ligula. Curabitur dignissim consequat congue. Vestibulum diam quam; pulvinar et nisi ut, ultrices ullamcorper risus. Quisque magna mi, malesuada in purus nec, gravida egestas quam. Fusce in semper nibh. Aenean nec dapibus tortor, eget rhoncus mauris. Duis nibh elit; mattis vitae tempor et, ultricies hendrerit ex![\/vc_column_text][\/vc_accordion_tab][vc_accordion_tab title=&#8221;Photoghraphy&#8221; icon_name=&#8221;icon-new-photo-1&#8243;][vc_column_text]Nam eu enim eget justo eleifend pulvinar eget quis quam. Morbi cursus gravida faucibus. Proin faucibus diam vitae sem bibendum vulputate. Nullam lobortis nibh at ex posuere, nec laoreet justo facilisis. Morbi pharetra lacus sed ex hendrerit, vitae congue turpis imperdiet. Integer laoreet dolor in lobortis dignissim! Quisque malesuada rutrum mi a laoreet. Nulla gravida finibus felis id viverra. Vestibulum volutpat leo non malesuada facilisis? Curabitur et tincidunt ligula. Curabitur dignissim consequat congue. Vestibulum diam quam; pulvinar et nisi ut, ultrices ullamcorper risus. Quisque magna mi, malesuada in purus nec, gravida egestas quam. Fusce in semper nibh. Aenean nec dapibus tortor, eget rhoncus mauris. Duis nibh elit; mattis vitae tempor et, ultricies hendrerit ex![\/vc_column_text][\/vc_accordion_tab][\/vc_accordion][\/vc_column][vc_column width=&#8221;1\/2&#8243; rt_wrp_col_paddings=&#8221;false&#8221; rt_border_top=&#8221;&#8221; rt_border_bottom=&#8221;&#8221; rt_border_left=&#8221;&#8221; rt_border_right=&#8221;&#8221; rt_border_top_mobile=&#8221;&#8221; rt_border_bottom_mobile=&#8221;&#8221; rt_border_left_mobile=&#8221;&#8221; rt_border_right_mobile=&#8221;&#8221; rt_bg_image_repeat=&#8221;repeat&#8221; rt_bg_size=&#8221;auto auto&#8221; rt_bg_position=&#8221;right top&#8221; rt_bg_attachment=&#8221;scroll&#8221;]<div class=\"rt_heading_wrapper style-1\">\n\t\t\t\t\t\t<h4 class=\"rt_heading  style-1\" >Our Vision<\/h4>\n\t\t\t\t\t<\/div>[vc_column_text]Vestibulum mollis sem et nunc venenatis finibus. Duis eget erat non risus scelerisque pulvinar nec nec eros. Nulla sed efficitur massa? Pellentesque facilisis mauris nec eros lacinia tincidunt! Nunc fermentum elit ac vulputate auctor. Morbi turpis diam; blandit a quam ut; tincidunt fermentum leo? Pellentesque efficitur at lectus id pulvinar. Nunc ex lectus, sodales a neque in, luctus rutrum enim.<\/p>\n<p>Maecenas interdum eget urna in volutpat. In id efficitur tortor. Vestibulum euismod leo et dolor facilisis, eget vestibulum nisi dictum. Ut consequat turpis sed bibendum feugiat! Sed condimentum turpis nec lacus efficitur convallis. Vivamus et facilisis leo.[\/vc_column_text][\/vc_column][\/vc_row][vc_row rt_row_background_width=&#8221;fullwidth&#8221; rt_row_content_width=&#8221;default&#8221; rt_row_style=&#8221;alt-style-1&#8243; rt_row_borders=&#8221;&#8221; rt_row_paddings=&#8221;true&#8221; rt_bg_effect=&#8221;classic&#8221; rt_bg_image_repeat=&#8221;repeat&#8221; rt_bg_size=&#8221;cover&#8221; rt_bg_position=&#8221;right top&#8221; rt_bg_attachment=&#8221;scroll&#8221; rt_bg_video_format=&#8221;self-hosted&#8221; rt_padding_top=&#8221;60&#8243; rt_padding_bottom=&#8221;60&#8243;][vc_column rt_wrp_col_paddings=&#8221;false&#8221; rt_border_top=&#8221;&#8221; rt_border_bottom=&#8221;&#8221; rt_border_left=&#8221;&#8221; rt_border_right=&#8221;&#8221; rt_border_top_mobile=&#8221;&#8221; rt_border_bottom_mobile=&#8221;&#8221; rt_border_left_mobile=&#8221;&#8221; rt_border_right_mobile=&#8221;&#8221; rt_bg_image_repeat=&#8221;repeat&#8221; rt_bg_size=&#8221;auto auto&#8221; rt_bg_position=&#8221;right top&#8221; rt_bg_attachment=&#8221;scroll&#8221;]<div class=\"rt_heading_wrapper style-4\">\n\t\t\t\t\t\t<span class=\"punchline\">Our Team<\/span><h3 class=\"rt_heading  with_punchline style-4\" >Who&#8217;s behind the scenes?<\/h3>\n\t\t\t\t\t<\/div>[\/vc_column][\/vc_row][vc_row rt_row_background_width=&#8221;fullwidth&#8221; rt_row_content_width=&#8221;default&#8221; rt_row_style=&#8221;default-style&#8221; rt_row_borders=&#8221;top,bottom&#8221; rt_row_paddings=&#8221;true&#8221; rt_bg_effect=&#8221;classic&#8221; rt_bg_image_repeat=&#8221;no-repeat&#8221; rt_bg_size=&#8221;cover&#8221; rt_bg_position=&#8221;right top&#8221; rt_bg_attachment=&#8221;fixed&#8221; rt_bg_video_format=&#8221;self-hosted&#8221; rt_padding_top=&#8221;60&#8243; rt_padding_bottom=&#8221;60&#8243;][vc_column rt_wrp_col_paddings=&#8221;false&#8221; rt_border_top=&#8221;&#8221; rt_border_bottom=&#8221;&#8221; rt_border_left=&#8221;&#8221; rt_border_right=&#8221;&#8221; rt_border_top_mobile=&#8221;&#8221; rt_border_bottom_mobile=&#8221;&#8221; rt_border_left_mobile=&#8221;&#8221; rt_border_right_mobile=&#8221;&#8221; rt_bg_image_repeat=&#8221;repeat&#8221; rt_bg_size=&#8221;auto auto&#8221; rt_bg_position=&#8221;right top&#8221; rt_bg_attachment=&#8221;scroll&#8221;]<div class=\"rt_heading_wrapper style-4\">\n\t\t\t\t\t\t<span class=\"punchline\">Milestones<\/span><h4 class=\"rt_heading  with_punchline style-4\" >Brief History of Our Company<\/h4>\n\t\t\t\t\t<\/div>\t \n\t\t<section  class=\"timeline  \">\n\t\t\t \n\t\t<div  >\n\t\t\t \n\t\t<span class=\"event-date\">\n\t\t\t<span class=\"day\"><\/span>\n\t\t\t<span class=\"month\">March,<\/span>\n\t\t\t<span class=\"year\">2015<\/span>\n\t\t<\/span>\n\t<div class=\"event-details\"><p>Lorem ipsum dolor sit amet, consectetur adipiscing elit. Vestibulum non dolor ultricies, porttitor justo non, pretium mi.<\/p>\n<\/div>\n\t\t<\/div>\n\t\t \n\t\t<div  >\n\t\t\t \n\t\t<span class=\"event-date\">\n\t\t\t<span class=\"day\"><\/span>\n\t\t\t<span class=\"month\">February,<\/span>\n\t\t\t<span class=\"year\">2015<\/span>\n\t\t<\/span>\n\t<div class=\"event-details\"><p>Phasellus id dignissim orci, non pulvinar ex. Donec id lectus ut sem porta blandit et venenatis nunc.<\/p>\n<\/div>\n\t\t<\/div>\n\t\t \n\t\t<div  >\n\t\t\t \n\t\t<span class=\"event-date\">\n\t\t\t<span class=\"day\"><\/span>\n\t\t\t<span class=\"month\">March,<\/span>\n\t\t\t<span class=\"year\">2015<\/span>\n\t\t<\/span>\n\t<div class=\"event-details\"><p>Sed aliquet tempus aliquam. Etiam feugiat ornare massa, vel tincidunt tortor dignissim at. Donec quis tincidunt nisi. Integer tempus diam et felis finibus imperdiet. Ut ornare nunc eget purus <a title=\"Link title\" href=\"#\">commodo<\/a>, sed rutrum ante viverra. Fusce fringilla euismod lorem vel aliquet. Etiam blandit efficitur massa.<\/p>\n<\/div>\n\t\t<\/div>\n\t\t \n\t\t<div  >\n\t\t\t \n\t\t<span class=\"event-date\">\n\t\t\t<span class=\"day\"><\/span>\n\t\t\t<span class=\"month\">May,<\/span>\n\t\t\t<span class=\"year\">2012<\/span>\n\t\t<\/span>\n\t<div class=\"event-details\"><p>Lorem ipsum dolor sit amet, consectetur adipiscing elit. Vestibulum non dolor ultricies, porttitor justo non, pretium mi.<\/p>\n<\/div>\n\t\t<\/div>\n\t\t \n\t\t<div  >\n\t\t\t \n\t\t<span class=\"event-date\">\n\t\t\t<span class=\"day\"><\/span>\n\t\t\t<span class=\"month\">March,<\/span>\n\t\t\t<span class=\"year\">2010<\/span>\n\t\t<\/span>\n\t<div class=\"event-details\"><p>Fusce fringilla euismod lorem vel aliquet.<\/p>\n<\/div>\n\t\t<\/div>\n\t\n\t\t<\/section>\n\t[\/vc_column][\/vc_row][vc_row rt_row_background_width=&#8221;fullwidth&#8221; rt_row_content_width=&#8221;default&#8221; rt_row_style=&#8221;light-style&#8221; rt_row_borders=&#8221;&#8221; rt_grid=&#8221;true&#8221; rt_row_paddings=&#8221;true&#8221; rt_bg_image=&#8221;2368&#8243; rt_bg_effect=&#8221;parallax&#8221; rt_bg_parallax_effect=&#8221;3&#8243; rt_bg_image_repeat=&#8221;no-repeat&#8221; rt_bg_size=&#8221;cover&#8221; rt_bg_position=&#8221;right top&#8221; rt_bg_video_format=&#8221;self-hosted&#8221; rt_padding_top=&#8221;100&#8243; rt_padding_bottom=&#8221;140&#8243;][vc_column width=&#8221;1\/4&#8243; rt_wrp_col_paddings=&#8221;false&#8221; rt_border_top=&#8221;&#8221; rt_border_bottom=&#8221;&#8221; rt_border_left=&#8221;&#8221; rt_border_right=&#8221;&#8221; rt_border_top_mobile=&#8221;&#8221; rt_border_bottom_mobile=&#8221;&#8221; rt_border_left_mobile=&#8221;&#8221; rt_border_right_mobile=&#8221;&#8221; rt_bg_image_repeat=&#8221;repeat&#8221; rt_bg_size=&#8221;auto auto&#8221; rt_bg_position=&#8221;right top&#8221; rt_bg_attachment=&#8221;scroll&#8221;]<div  class=\"rt_counter\"><span class=\"number\">174<\/span>Web Design Projects<\/div>[\/vc_column][vc_column width=&#8221;1\/4&#8243; rt_wrp_col_paddings=&#8221;false&#8221; rt_border_top=&#8221;&#8221; rt_border_bottom=&#8221;&#8221; rt_border_left=&#8221;&#8221; rt_border_right=&#8221;&#8221; rt_border_top_mobile=&#8221;&#8221; rt_border_bottom_mobile=&#8221;&#8221; rt_border_left_mobile=&#8221;&#8221; rt_border_right_mobile=&#8221;&#8221; rt_bg_image_repeat=&#8221;repeat&#8221; rt_bg_size=&#8221;auto auto&#8221; rt_bg_position=&#8221;right top&#8221; rt_bg_attachment=&#8221;scroll&#8221;]<div  class=\"rt_counter\"><span class=\"number\">299<\/span>Video Productions<\/div>[\/vc_column][vc_column width=&#8221;1\/4&#8243; rt_wrp_col_paddings=&#8221;false&#8221; rt_border_top=&#8221;&#8221; rt_border_bottom=&#8221;&#8221; rt_border_left=&#8221;&#8221; rt_border_right=&#8221;&#8221; rt_border_top_mobile=&#8221;&#8221; rt_border_bottom_mobile=&#8221;&#8221; rt_border_left_mobile=&#8221;&#8221; rt_border_right_mobile=&#8221;&#8221; rt_bg_image_repeat=&#8221;repeat&#8221; rt_bg_size=&#8221;auto auto&#8221; rt_bg_position=&#8221;right top&#8221; rt_bg_attachment=&#8221;scroll&#8221;]<div  class=\"rt_counter\"><span class=\"number\">150<\/span>Animations<\/div>[\/vc_column][vc_column width=&#8221;1\/4&#8243; rt_wrp_col_paddings=&#8221;false&#8221; rt_border_top=&#8221;&#8221; rt_border_bottom=&#8221;&#8221; rt_border_left=&#8221;&#8221; rt_border_right=&#8221;&#8221; rt_border_top_mobile=&#8221;&#8221; rt_border_bottom_mobile=&#8221;&#8221; rt_border_left_mobile=&#8221;&#8221; rt_border_right_mobile=&#8221;&#8221; rt_bg_image_repeat=&#8221;repeat&#8221; rt_bg_size=&#8221;auto auto&#8221; rt_bg_position=&#8221;right top&#8221; rt_bg_attachment=&#8221;scroll&#8221;]<div  class=\"rt_counter\"><span class=\"number\">1100<\/span>Graphic Designs<\/div>[\/vc_column][\/vc_row][vc_row rt_row_background_width=&#8221;fullwidth&#8221; rt_row_content_width=&#8221;default&#8221; rt_row_style=&#8221;alt-style-2&#8243; rt_row_borders=&#8221;&#8221; rt_row_paddings=&#8221;true&#8221; rt_bg_effect=&#8221;classic&#8221; rt_bg_image_repeat=&#8221;repeat&#8221; rt_bg_size=&#8221;cover&#8221; rt_bg_position=&#8221;right top&#8221; rt_bg_attachment=&#8221;scroll&#8221; rt_bg_video_format=&#8221;self-hosted&#8221; rt_padding_top=&#8221;60&#8243; rt_padding_bottom=&#8221;60&#8243;][vc_column rt_wrp_col_paddings=&#8221;false&#8221; rt_border_top=&#8221;&#8221; rt_border_bottom=&#8221;&#8221; rt_border_left=&#8221;&#8221; rt_border_right=&#8221;&#8221; rt_border_top_mobile=&#8221;&#8221; rt_border_bottom_mobile=&#8221;&#8221; rt_border_left_mobile=&#8221;&#8221; rt_border_right_mobile=&#8221;&#8221; rt_bg_image_repeat=&#8221;repeat&#8221; rt_bg_size=&#8221;auto auto&#8221; rt_bg_position=&#8221;right top&#8221; rt_bg_attachment=&#8221;scroll&#8221;]<div class=\"rt_heading_wrapper style-4\">\n\t\t\t\t\t\t<span class=\"punchline\">Testimonials<\/span><h3 class=\"rt_heading  with_punchline style-4\" >What They Are Saying<\/h3>\n\t\t\t\t\t<\/div>\r\n\t\t\t\t<div id=\"slider-testimonial-dynamicID-579580\" class=\"rt-carousel rt-image-carousel carousel-holder clearfix testimonial-carousel testimonials center big\" data-item-width=\"1\" data-nav=\"false\" data-dots=\"true\" data-margin=\"15\" data-autoplay=\"false\" data-timeout=\"5000\" data-loop=\"false\" data-tablet-item-width=\"\" data-mobile-item-width=\"1\">\r\n\t\t\t\t\t<div class=\"owl-carousel\">\r\n\t\t\t\t\t\t<div><div class=\"testimonial item\">\n\n\n\n<div class=\"text \">\n\t<p>\n\t\t<span class=\"icon-quote-left\"><\/span>\n\t\t\tNam orci orci, pretium vel elementum eu, vestibulum at sapien. Sed pretium turpis lacus, ut vehicula odio tempor non. Duis fermentum massa sed laoreet suscipit. Mauris sed semper urna, a facilisis elit. \t\t<span class=\"icon-quote-right\"><\/span>\n\t<\/p>\n\t<div class=\"client_info\">\n\n\t\t\tJane Woe \n\t\t- <span>Job Title<\/span>\t\t\n\t\t\t\t\t\n\t\t\n\n\t<\/div>\n<\/div><\/div>\n<\/div><div><div class=\"testimonial item\">\n\n\n\n<div class=\"text \">\n\t<p>\n\t\t<span class=\"icon-quote-left\"><\/span>\n\t\t\tLorem ipsum dolor sit amet, consectetuer adipiscing elit. Aenean commodo ligula eget dolor. Aenean massa. Cum sociis natoque penatibus et magnis dis parturient montes, nascetur ridiculus mus. \t\t<span class=\"icon-quote-right\"><\/span>\n\t<\/p>\n\t<div class=\"client_info\">\n\n\t\t\tJane Doe \n\t\t- <span>Designer<\/span>\t\t\n\t\t<a href=\"http:\/\/rtthemes.com\" target=\"_blank\" title=\"RT-Themes\" class=\"client_link\">RT-Themes<\/a>\t\t\t\n\t\t\n\n\t<\/div>\n<\/div><\/div>\n<\/div>\r\n\t\t\t\t\t<\/div>\r\n\t\t\t\t\t\r\n\t\t\t\t<div id=\"slider-testimonial-dynamicID-579580-dots\" class=\"dots-holder\">\r\n\t\t\t\t<\/div>\r\n\t\t\t\r\n\t\t\t\t<\/div>\r\n\t\t\t[\/vc_column][\/vc_row]<\/p>\n","protected":false},"excerpt":{"rendered":"<p>[vc_row rt_row_background_width=&#8221;fullwidth&#8221; rt_row_content_width=&#8221;default&#8221; rt_row_style=&#8221;default-style&#8221; rt_row_borders=&#8221;&#8221; rt_row_paddings=&#8221;true&#8221; rt_bg_image=&#8221;2369&#8243; rt_bg_effect=&#8221;parallax&#8221; rt_bg_parallax_effect=&#8221;3&#8243; rt_bg_image_repeat=&#8221;repeat&#8221; rt_bg_size=&#8221;cover&#8221; rt_bg_position=&#8221;right top&#8221; rt_bg_video_format=&#8221;self-hosted&#8221; rt_padding_top=&#8221;100&#8243; rt_padding_bottom=&#8221;140&#8243;][vc_column rt_wrp_col_paddings=&#8221;false&#8221; rt_border_top=&#8221;&#8221; rt_border_bottom=&#8221;&#8221; rt_border_left=&#8221;&#8221; rt_border_right=&#8221;&#8221; rt_border_top_mobile=&#8221;&#8221; rt_border_bottom_mobile=&#8221;&#8221; rt_border_left_mobile=&#8221;&#8221; rt_border_right_mobile=&#8221;&#8221; rt_bg_image_repeat=&#8221;repeat&#8221; rt_bg_size=&#8221;auto auto&#8221; rt_bg_position=&#8221;right top&#8221; rt_bg_attachment=&#8221;scroll&#8221;][\/vc_column][\/vc_row][vc_row rt_row_background_width=&#8221;fullwidth&#8221; rt_row_content_width=&#8221;default&#8221; rt_row_style=&#8221;default-style&#8221; rt_row_borders=&#8221;bottom&#8221; rt_row_paddings=&#8221;true&#8221; rt_bg_effect=&#8221;classic&#8221; rt_bg_image_repeat=&#8221;repeat&#8221; rt_bg_size=&#8221;cover&#8221; rt_bg_position=&#8221;right top&#8221; rt_bg_attachment=&#8221;scroll&#8221; rt_bg_video_format=&#8221;self-hosted&#8221;][vc_column rt_wrp_col_paddings=&#8221;false&#8221; rt_border_top=&#8221;&#8221; rt_border_bottom=&#8221;&#8221; rt_border_left=&#8221;&#8221; rt_border_right=&#8221;&#8221; rt_border_top_mobile=&#8221;&#8221; rt_border_bottom_mobile=&#8221;&#8221; rt_border_left_mobile=&#8221;&#8221; rt_border_right_mobile=&#8221;&#8221; rt_bg_image_repeat=&#8221;repeat&#8221; rt_bg_size=&#8221;auto auto&#8221; [&hellip;]<\/p>\n","protected":false},"author":1,"featured_media":0,"parent":0,"menu_order":0,"comment_status":"open","ping_status":"closed","template":"","meta":{"rs_blank_template":"","rs_page_bg_color":"","slide_template_v7":"","footnotes":""},"class_list":["post-2793","page","type-page","status-publish","hentry"],"_links":{"self":[{"href":"https:\/\/demo.turevmedya.com\/cukurovasilo\/wp-json\/wp\/v2\/pages\/2793","targetHints":{"allow":["GET"]}}],"collection":[{"href":"https:\/\/demo.turevmedya.com\/cukurovasilo\/wp-json\/wp\/v2\/pages"}],"about":[{"href":"https:\/\/demo.turevmedya.com\/cukurovasilo\/wp-json\/wp\/v2\/types\/page"}],"author":[{"embeddable":true,"href":"https:\/\/demo.turevmedya.com\/cukurovasilo\/wp-json\/wp\/v2\/users\/1"}],"replies":[{"embeddable":true,"href":"https:\/\/demo.turevmedya.com\/cukurovasilo\/wp-json\/wp\/v2\/comments?post=2793"}],"version-history":[{"count":3,"href":"https:\/\/demo.turevmedya.com\/cukurovasilo\/wp-json\/wp\/v2\/pages\/2793\/revisions"}],"predecessor-version":[{"id":3459,"href":"https:\/\/demo.turevmedya.com\/cukurovasilo\/wp-json\/wp\/v2\/pages\/2793\/revisions\/3459"}],"wp:attachment":[{"href":"https:\/\/demo.turevmedya.com\/cukurovasilo\/wp-json\/wp\/v2\/media?parent=2793"}],"curies":[{"name":"wp","href":"https:\/\/api.w.org\/{rel}","templated":true}]}}