{"id":2557,"date":"2015-02-21T16:15:03","date_gmt":"2015-02-21T13:15:03","guid":{"rendered":"http:\/\/rttheme19.rtthemes.com\/?page_id=2557"},"modified":"2023-03-09T13:43:05","modified_gmt":"2023-03-09T10:43:05","slug":"anasayfa","status":"publish","type":"page","link":"https:\/\/demo.turevmedya.com\/cukurovasilo\/","title":{"rendered":"Anasayfa"},"content":{"rendered":"<p>[vc_row rt_row_background_width=&#8221;fullwidth&#8221; rt_row_content_width=&#8221;fullwidth&#8221; rt_row_style=&#8221;default-style&#8221; rt_row_borders=&#8221;&#8221; rt_col_anim=&#8221;true&#8221; rt_row_paddings=&#8221;false&#8221; rt_bg_effect=&#8221;classic&#8221; rt_bg_image_repeat=&#8221;repeat&#8221; rt_bg_size=&#8221;cover&#8221; rt_bg_position=&#8221;right top&#8221; rt_bg_attachment=&#8221;scroll&#8221; rt_bg_video_format=&#8221;self-hosted&#8221;][vc_column rt_wrp_col_paddings=&#8221;false&#8221; rt_border_top=&#8221;&#8221; rt_border_bottom=&#8221;&#8221; rt_border_left=&#8221;&#8221; rt_border_right=&#8221;&#8221; rt_border_top_mobile=&#8221;&#8221; rt_border_bottom_mobile=&#8221;&#8221; rt_border_left_mobile=&#8221;&#8221; rt_border_right_mobile=&#8221;&#8221; rt_bg_image_repeat=&#8221;repeat&#8221; rt_bg_size=&#8221;auto auto&#8221; rt_bg_position=&#8221;right top&#8221; rt_bg_attachment=&#8221;scroll&#8221;][\/vc_column][\/vc_row][vc_row rt_row_background_width=&#8221;fullwidth&#8221; rt_row_content_width=&#8221;fullwidth&#8221; rt_row_style=&#8221;default-style&#8221; rt_row_borders=&#8221;&#8221; rt_col_anim=&#8221;true&#8221; rt_row_paddings=&#8221;false&#8221; rt_bg_effect=&#8221;classic&#8221; rt_bg_image_repeat=&#8221;repeat&#8221; rt_bg_size=&#8221;cover&#8221; rt_bg_position=&#8221;right top&#8221; rt_bg_attachment=&#8221;scroll&#8221; rt_bg_video_format=&#8221;self-hosted&#8221;][vc_column rt_wrp_col_paddings=&#8221;false&#8221; rt_border_top=&#8221;&#8221; rt_border_bottom=&#8221;&#8221; rt_border_left=&#8221;&#8221; rt_border_right=&#8221;&#8221; rt_border_top_mobile=&#8221;&#8221; rt_border_bottom_mobile=&#8221;&#8221; rt_border_left_mobile=&#8221;&#8221; rt_border_right_mobile=&#8221;&#8221; rt_bg_image_repeat=&#8221;repeat&#8221; rt_bg_size=&#8221;auto auto&#8221; rt_bg_position=&#8221;right top&#8221; rt_bg_attachment=&#8221;scroll&#8221;][rev_slider_vc alias=&#8221;rt-19-sample-2&#8243;][\/vc_column][\/vc_row][vc_row rt_row_background_width=&#8221;fullwidth&#8221; rt_row_content_width=&#8221;default&#8221; rt_row_style=&#8221;default-style&#8221; rt_row_borders=&#8221;&#8221; rt_row_paddings=&#8221;true&#8221; rt_bg_effect=&#8221;classic&#8221; rt_bg_image_repeat=&#8221;repeat&#8221; rt_bg_size=&#8221;cover&#8221; rt_bg_position=&#8221;right top&#8221; rt_bg_attachment=&#8221;scroll&#8221; rt_bg_video_format=&#8221;self-hosted&#8221; rt_bg_color=&#8221;#d5171a&#8221;][vc_column width=&#8221;1\/4&#8243; rt_wrp_col_paddings=&#8221;false&#8221; rt_border_top=&#8221;&#8221; rt_border_bottom=&#8221;&#8221; rt_border_left=&#8221;&#8221; rt_border_right=&#8221;&#8221; rt_border_top_mobile=&#8221;&#8221; rt_border_bottom_mobile=&#8221;&#8221; rt_border_left_mobile=&#8221;&#8221; rt_border_right_mobile=&#8221;&#8221; rt_bg_image_repeat=&#8221;repeat&#8221; rt_bg_size=&#8221;auto auto&#8221; rt_bg_position=&#8221;right top&#8221; rt_bg_attachment=&#8221;scroll&#8221;][vc_single_image image=&#8221;3100&#8243; alignment=&#8221;center&#8221;][vc_custom_heading text=&#8221;40&#8243; font_container=&#8221;tag:h1|text_align:center|color:%23ffffff&#8221; google_fonts=&#8221;font_family:Roboto%20Condensed%3A300%2C300italic%2Cregular%2Citalic%2C700%2C700italic|font_style:300%20light%20regular%3A300%3Anormal&#8221;][vc_custom_heading text=&#8221;YILLIK TECR\u00dcBE&#8221; font_container=&#8221;tag:h6|text_align:center|color:%23ffffff&#8221; google_fonts=&#8221;font_family:Roboto%20Condensed%3A300%2C300italic%2Cregular%2Citalic%2C700%2C700italic|font_style:700%20bold%20regular%3A700%3Anormal&#8221;][\/vc_column][vc_column width=&#8221;1\/4&#8243; rt_wrp_col_paddings=&#8221;false&#8221; rt_border_top=&#8221;&#8221; rt_border_bottom=&#8221;&#8221; rt_border_left=&#8221;&#8221; rt_border_right=&#8221;&#8221; rt_border_top_mobile=&#8221;&#8221; rt_border_bottom_mobile=&#8221;&#8221; rt_border_left_mobile=&#8221;&#8221; rt_border_right_mobile=&#8221;&#8221; rt_bg_image_repeat=&#8221;repeat&#8221; rt_bg_size=&#8221;auto auto&#8221; rt_bg_position=&#8221;right top&#8221; rt_bg_attachment=&#8221;scroll&#8221;][vc_single_image image=&#8221;3114&#8243; alignment=&#8221;center&#8221;][vc_custom_heading text=&#8221;500+&#8221; font_container=&#8221;tag:h1|text_align:center|color:%23ffffff&#8221; google_fonts=&#8221;font_family:Roboto%20Condensed%3A300%2C300italic%2Cregular%2Citalic%2C700%2C700italic|font_style:300%20light%20regular%3A300%3Anormal&#8221;][vc_custom_heading text=&#8221;ULUSAL &amp; ULUSLARARASI<br \/>\nPROJE&#8221; font_container=&#8221;tag:h6|text_align:center|color:%23ffffff&#8221; google_fonts=&#8221;font_family:Roboto%20Condensed%3A300%2C300italic%2Cregular%2Citalic%2C700%2C700italic|font_style:700%20bold%20regular%3A700%3Anormal&#8221;][\/vc_column][vc_column width=&#8221;1\/4&#8243; rt_wrp_col_paddings=&#8221;false&#8221; rt_border_top=&#8221;&#8221; rt_border_bottom=&#8221;&#8221; rt_border_left=&#8221;&#8221; rt_border_right=&#8221;&#8221; rt_border_top_mobile=&#8221;&#8221; rt_border_bottom_mobile=&#8221;&#8221; rt_border_left_mobile=&#8221;&#8221; rt_border_right_mobile=&#8221;&#8221; rt_bg_image_repeat=&#8221;repeat&#8221; rt_bg_size=&#8221;auto auto&#8221; rt_bg_position=&#8221;right top&#8221; rt_bg_attachment=&#8221;scroll&#8221;][vc_single_image image=&#8221;3116&#8243; alignment=&#8221;center&#8221;][vc_custom_heading text=&#8221;90+&#8221; font_container=&#8221;tag:h1|text_align:center|color:%23ffffff&#8221; google_fonts=&#8221;font_family:Roboto%20Condensed%3A300%2C300italic%2Cregular%2Citalic%2C700%2C700italic|font_style:300%20light%20regular%3A300%3Anormal&#8221;][vc_custom_heading text=&#8221;FARKLI \u00dcLKE&#8221; font_container=&#8221;tag:h6|text_align:center|color:%23ffffff&#8221; google_fonts=&#8221;font_family:Roboto%20Condensed%3A300%2C300italic%2Cregular%2Citalic%2C700%2C700italic|font_style:700%20bold%20regular%3A700%3Anormal&#8221;][\/vc_column][vc_column width=&#8221;1\/4&#8243; rt_wrp_col_paddings=&#8221;false&#8221; rt_border_top=&#8221;&#8221; rt_border_bottom=&#8221;&#8221; rt_border_left=&#8221;&#8221; rt_border_right=&#8221;&#8221; rt_border_top_mobile=&#8221;&#8221; rt_border_bottom_mobile=&#8221;&#8221; rt_border_left_mobile=&#8221;&#8221; rt_border_right_mobile=&#8221;&#8221; rt_bg_image_repeat=&#8221;repeat&#8221; rt_bg_size=&#8221;auto auto&#8221; rt_bg_position=&#8221;right top&#8221; rt_bg_attachment=&#8221;scroll&#8221;][vc_single_image image=&#8221;3118&#8243; alignment=&#8221;center&#8221;][vc_custom_heading text=&#8221;150+&#8221; font_container=&#8221;tag:h1|text_align:center|color:%23ffffff&#8221; google_fonts=&#8221;font_family:Roboto%20Condensed%3A300%2C300italic%2Cregular%2Citalic%2C700%2C700italic|font_style:300%20light%20regular%3A300%3Anormal&#8221;][vc_custom_heading text=&#8221;\u00c7ALI\u015eAN PERSONEL&#8221; font_container=&#8221;tag:h6|text_align:center|color:%23ffffff&#8221; google_fonts=&#8221;font_family:Roboto%20Condensed%3A300%2C300italic%2Cregular%2Citalic%2C700%2C700italic|font_style:700%20bold%20regular%3A700%3Anormal&#8221;][\/vc_column][\/vc_row][vc_row rt_row_background_width=&#8221;fullwidth&#8221; rt_row_content_width=&#8221;default&#8221; rt_row_style=&#8221;default-style&#8221; rt_row_borders=&#8221;&#8221; rt_row_paddings=&#8221;true&#8221; rt_bg_effect=&#8221;classic&#8221; rt_bg_image_repeat=&#8221;repeat&#8221; rt_bg_size=&#8221;cover&#8221; rt_bg_position=&#8221;right top&#8221; rt_bg_attachment=&#8221;scroll&#8221; rt_bg_video_format=&#8221;self-hosted&#8221; rt_bg_color=&#8221;#ffffff&#8221; rt_bg_overlay_color=&#8221;#ffffff&#8221;][vc_column width=&#8221;1\/2&#8243; rt_wrp_col_paddings=&#8221;false&#8221; rt_border_top=&#8221;&#8221; rt_border_bottom=&#8221;&#8221; rt_border_left=&#8221;&#8221; rt_border_right=&#8221;&#8221; rt_border_top_mobile=&#8221;&#8221; rt_border_bottom_mobile=&#8221;&#8221; rt_border_left_mobile=&#8221;&#8221; rt_border_right_mobile=&#8221;&#8221; rt_bg_image_repeat=&#8221;repeat&#8221; rt_bg_size=&#8221;auto auto&#8221; rt_bg_position=&#8221;right top&#8221; rt_bg_attachment=&#8221;scroll&#8221; css=&#8221;.vc_custom_1677855308620{background-color: #ffffff !important;}&#8221; rt_bg_color=&#8221;#ffffff&#8221;][vc_empty_space height=&#8221;48px&#8221;]<div class=\"rt_heading_wrapper style-5\">\n\t\t\t\t\t\t<h1 class=\"rt_heading  style-5\" >D\u00fcnya&#8217;n\u0131n Heryerindeyiz!<\/h1>\n\t\t\t\t\t<\/div>[vc_custom_heading text=&#8221;\u00d6rnek Metin \u00d6rnek Metin \u00d6rnek Metin \u00d6rnek Metin \u00d6rnek Metin \u00d6rnek Metin \u00d6rnek Metin \u00d6rnek Metin \u00d6rnek Metin \u00d6rnek Metin \u00d6rnek Metin \u00d6rnek Metin \u00d6rnek Metin \u00d6rnek Metin \u00d6rnek Metin \u00d6rnek Metin \u00d6rnek Metin \u00d6rnek Metin \u00d6rnek Metin \u00d6rnek Metin \u00d6rnek Metin \u00d6rnek Metin \u00d6rnek Metin \u00d6rnek Metin \u00d6rnek Metin \u00d6rnek Metin \u00d6rnek Metin \u00d6rnek Metin<br \/>\n\u00d6rnek Metin \u00d6rnek Metin \u00d6rnek Metin \u00d6rnek Metin \u00d6rnek Metin \u00d6rnek Metin \u00d6rnek Metin \u00d6rnek Metin \u00d6rnek Metin \u00d6rnek Metin \u00d6rnek Metin \u00d6rnek Metin \u00d6rnek Metin \u00d6rnek Metin&#8221; font_container=&#8221;tag:h6|text_align:left|color:%235e5e5e&#8221; google_fonts=&#8221;font_family:Roboto%20Condensed%3A300%2C300italic%2Cregular%2Citalic%2C700%2C700italic|font_style:300%20light%20regular%3A300%3Anormal&#8221;]<div class=\"button_wrapper  alignleft\"><a  href=\"\" target=\"_self\" title=\"DEVAM ET\" class=\"button_  heading-font color medium\">DEVAM ET<\/a><\/div>[\/vc_column][vc_column width=&#8221;1\/2&#8243; rt_wrp_col_paddings=&#8221;false&#8221; rt_border_top=&#8221;&#8221; rt_border_bottom=&#8221;&#8221; rt_border_left=&#8221;&#8221; rt_border_right=&#8221;&#8221; rt_border_top_mobile=&#8221;&#8221; rt_border_bottom_mobile=&#8221;&#8221; rt_border_left_mobile=&#8221;&#8221; rt_border_right_mobile=&#8221;&#8221; rt_bg_image_repeat=&#8221;repeat&#8221; rt_bg_size=&#8221;auto auto&#8221; rt_bg_position=&#8221;right top&#8221; rt_bg_attachment=&#8221;scroll&#8221; rt_bg_color=&#8221;#ffffff&#8221;][vc_raw_html css=&#8221;.vc_custom_1677855250341{background-color: #ffffff !important;}&#8221;]JTVCZGlzcGxheS1tYXAlMjBpZCUzRCUyNzMxMjQlMjclNUQ=[\/vc_raw_html][\/vc_column][\/vc_row][vc_row rt_row_background_width=&#8221;fullwidth&#8221; rt_row_content_width=&#8221;default&#8221; rt_row_style=&#8221;default-style&#8221; rt_row_borders=&#8221;&#8221; rt_row_paddings=&#8221;true&#8221; rt_bg_effect=&#8221;classic&#8221; rt_bg_image_repeat=&#8221;repeat&#8221; rt_bg_size=&#8221;cover&#8221; rt_bg_position=&#8221;right top&#8221; rt_bg_attachment=&#8221;scroll&#8221; rt_bg_video_format=&#8221;self-hosted&#8221;][vc_column rt_wrp_col_paddings=&#8221;false&#8221; rt_border_top=&#8221;&#8221; rt_border_bottom=&#8221;&#8221; rt_border_left=&#8221;&#8221; rt_border_right=&#8221;&#8221; rt_border_top_mobile=&#8221;&#8221; rt_border_bottom_mobile=&#8221;&#8221; rt_border_left_mobile=&#8221;&#8221; rt_border_right_mobile=&#8221;&#8221; rt_bg_image_repeat=&#8221;repeat&#8221; rt_bg_size=&#8221;auto auto&#8221; rt_bg_position=&#8221;right top&#8221; rt_bg_attachment=&#8221;scroll&#8221;]\n<div id=\"blog-dynamicID-840962\" class=\"blog_list clearfix masonry\" data-column-width=\"3\">\n<div class=\"col col-sm-4 isotope-item\">\n \n\n<!-- blog box-->\n<article class=\"loop post-3273 post type-post status-publish format-standard has-post-thumbnail hentry category-haberler\" id=\"post-3273\">\n\t\t\n\t\n\t\n\t<figure class=\"featured_image featured_media\">\n\n\t\t\n\t\t\t\t<a id=\"lightbox-960499\" class=\"imgeffect zoom lightbox_ featured_image\" data-group=\"image_3278\" title=\"Enlarge Image\" data-title=\"Haber 1\" data-sub-html=\"#lightbox-960499-description\" data-thumbnail=\"https:\/\/demo.turevmedya.com\/cukurovasilo\/wp-content\/uploads\/2023\/03\/85-75x50.png\" data-thumbTooltip=\"\" data-scaleUp=\"\" data-href=\"\" data-width=\"\" data-height=\"\" data-flashHasPriority=\"\" data-poster=\"\" data-autoplay=\"\" data-audiotitle=\"\" data-html=\"\" href=\"https:\/\/demo.turevmedya.com\/cukurovasilo\/wp-content\/uploads\/2023\/03\/85.png\" ><img decoding=\"async\" src=\"https:\/\/demo.turevmedya.com\/cukurovasilo\/wp-content\/uploads\/2023\/03\/85.png\" alt=\"\" class=\"\" \/><\/a>\r\n\t\t\t<div class=\"lighbox-description hidden\" id=\"lightbox-960499-description\">\r\n\t\t\t\t<strong>Haber 1<\/strong><br>\r\n\t\t\t\t\r\n\t\t\t<\/div>\t\t\t\t<span class=\"format-icon icon-pencil\"><\/span>\n\n\t\t\t\n\t<\/figure> \n\t\n\n\t \n\t<div class=\"text entry-content\">\n\n\t\t<!-- blog headline-->\n\t\t<h2 class=\"entry-title\"><a href=\"https:\/\/demo.turevmedya.com\/cukurovasilo\/haber-1\/\" rel=\"bookmark\">Haber 1<\/a><\/h2> \n\t\t\t\n\n\t\t<p>\u00d6rnek Haber 1 \u00d6rnek Haber 1 \u00d6rnek Haber 1 \u00d6rnek Haber 1 \u00d6rnek Haber 1 \u00d6rnek Haber 1 \u00d6rnek Haber 1 \u00d6rnek Haber 1 \u00d6rnek Haber 1 \u00d6rnek Haber 1 \u00d6rnek Haber 1 \u00d6rnek Haber 1\u00d6rnek Haber 1 \u00d6rnek Haber 1 \u00d6rnek Haber 1 \u00d6rnek Haber 1 \u00d6rnek Haber 1 \u00d6rnek Haber 1 \u00d6rnek Haber [&hellip;]<\/p>\n\n\t\t\t\t<!-- meta data -->\r\n\t\t<div class=\"post_data\">\r\n\r\n\t\t\t\r\n\t\t\t\r\n\t\t\t\r\n\t\t\t\r\n\t\t<\/div><!-- \/ end div  .post_data -->\r\n\t\n\t<\/div> \n\n<\/article> \n<!-- \/ blog box-->\n<\/div>\n<div class=\"col col-sm-4 isotope-item\">\n \n\n<!-- blog box-->\n<article class=\"loop post-3282 post type-post status-publish format-standard has-post-thumbnail hentry category-haberler\" id=\"post-3282\">\n\t\t\n\t\n\t\n\t<figure class=\"featured_image featured_media\">\n\n\t\t\n\t\t\t\t<a id=\"lightbox-660869\" class=\"imgeffect zoom lightbox_ featured_image\" data-group=\"image_3278\" title=\"Enlarge Image\" data-title=\"Haber 2\" data-sub-html=\"#lightbox-660869-description\" data-thumbnail=\"https:\/\/demo.turevmedya.com\/cukurovasilo\/wp-content\/uploads\/2023\/03\/85-75x50.png\" data-thumbTooltip=\"\" data-scaleUp=\"\" data-href=\"\" data-width=\"\" data-height=\"\" data-flashHasPriority=\"\" data-poster=\"\" data-autoplay=\"\" data-audiotitle=\"\" data-html=\"\" href=\"https:\/\/demo.turevmedya.com\/cukurovasilo\/wp-content\/uploads\/2023\/03\/85.png\" ><img decoding=\"async\" src=\"https:\/\/demo.turevmedya.com\/cukurovasilo\/wp-content\/uploads\/2023\/03\/85.png\" alt=\"\" class=\"\" \/><\/a>\r\n\t\t\t<div class=\"lighbox-description hidden\" id=\"lightbox-660869-description\">\r\n\t\t\t\t<strong>Haber 2<\/strong><br>\r\n\t\t\t\t\r\n\t\t\t<\/div>\t\t\t\t<span class=\"format-icon icon-pencil\"><\/span>\n\n\t\t\t\n\t<\/figure> \n\t\n\n\t \n\t<div class=\"text entry-content\">\n\n\t\t<!-- blog headline-->\n\t\t<h2 class=\"entry-title\"><a href=\"https:\/\/demo.turevmedya.com\/cukurovasilo\/haber-2\/\" rel=\"bookmark\">Haber 2<\/a><\/h2> \n\t\t\t\n\n\t\t\n\t\t\t\t<!-- meta data -->\r\n\t\t<div class=\"post_data\">\r\n\r\n\t\t\t\r\n\t\t\t\r\n\t\t\t\r\n\t\t\t\r\n\t\t<\/div><!-- \/ end div  .post_data -->\r\n\t\n\t<\/div> \n\n<\/article> \n<!-- \/ blog box-->\n<\/div>\n<div class=\"col col-sm-4 isotope-item\">\n \n\n<!-- blog box-->\n<article class=\"loop post-3284 post type-post status-publish format-standard has-post-thumbnail hentry category-haberler\" id=\"post-3284\">\n\t\t\n\t\n\t\n\t<figure class=\"featured_image featured_media\">\n\n\t\t\n\t\t\t\t<a id=\"lightbox-178033\" class=\"imgeffect zoom lightbox_ featured_image\" data-group=\"image_3278\" title=\"Enlarge Image\" data-title=\"Haber 3\" data-sub-html=\"#lightbox-178033-description\" data-thumbnail=\"https:\/\/demo.turevmedya.com\/cukurovasilo\/wp-content\/uploads\/2023\/03\/85-75x50.png\" data-thumbTooltip=\"\" data-scaleUp=\"\" data-href=\"\" data-width=\"\" data-height=\"\" data-flashHasPriority=\"\" data-poster=\"\" data-autoplay=\"\" data-audiotitle=\"\" data-html=\"\" href=\"https:\/\/demo.turevmedya.com\/cukurovasilo\/wp-content\/uploads\/2023\/03\/85.png\" ><img decoding=\"async\" src=\"https:\/\/demo.turevmedya.com\/cukurovasilo\/wp-content\/uploads\/2023\/03\/85.png\" alt=\"\" class=\"\" \/><\/a>\r\n\t\t\t<div class=\"lighbox-description hidden\" id=\"lightbox-178033-description\">\r\n\t\t\t\t<strong>Haber 3<\/strong><br>\r\n\t\t\t\t\r\n\t\t\t<\/div>\t\t\t\t<span class=\"format-icon icon-pencil\"><\/span>\n\n\t\t\t\n\t<\/figure> \n\t\n\n\t \n\t<div class=\"text entry-content\">\n\n\t\t<!-- blog headline-->\n\t\t<h2 class=\"entry-title\"><a href=\"https:\/\/demo.turevmedya.com\/cukurovasilo\/haber-3\/\" rel=\"bookmark\">Haber 3<\/a><\/h2> \n\t\t\t\n\n\t\t\n\t\t\t\t<!-- meta data -->\r\n\t\t<div class=\"post_data\">\r\n\r\n\t\t\t\r\n\t\t\t\r\n\t\t\t\r\n\t\t\t\r\n\t\t<\/div><!-- \/ end div  .post_data -->\r\n\t\n\t<\/div> \n\n<\/article> \n<!-- \/ blog box-->\n<\/div>\n<\/div>\n[\/vc_column][\/vc_row]<\/p>\n","protected":false},"excerpt":{"rendered":"<p>[vc_row rt_row_background_width=&#8221;fullwidth&#8221; rt_row_content_width=&#8221;fullwidth&#8221; rt_row_style=&#8221;default-style&#8221; rt_row_borders=&#8221;&#8221; rt_col_anim=&#8221;true&#8221; rt_row_paddings=&#8221;false&#8221; rt_bg_effect=&#8221;classic&#8221; rt_bg_image_repeat=&#8221;repeat&#8221; rt_bg_size=&#8221;cover&#8221; rt_bg_position=&#8221;right top&#8221; rt_bg_attachment=&#8221;scroll&#8221; rt_bg_video_format=&#8221;self-hosted&#8221;][vc_column rt_wrp_col_paddings=&#8221;false&#8221; rt_border_top=&#8221;&#8221; rt_border_bottom=&#8221;&#8221; rt_border_left=&#8221;&#8221; rt_border_right=&#8221;&#8221; rt_border_top_mobile=&#8221;&#8221; rt_border_bottom_mobile=&#8221;&#8221; rt_border_left_mobile=&#8221;&#8221; rt_border_right_mobile=&#8221;&#8221; rt_bg_image_repeat=&#8221;repeat&#8221; rt_bg_size=&#8221;auto auto&#8221; rt_bg_position=&#8221;right top&#8221; rt_bg_attachment=&#8221;scroll&#8221;][\/vc_column][\/vc_row][vc_row rt_row_background_width=&#8221;fullwidth&#8221; rt_row_content_width=&#8221;fullwidth&#8221; rt_row_style=&#8221;default-style&#8221; rt_row_borders=&#8221;&#8221; rt_col_anim=&#8221;true&#8221; rt_row_paddings=&#8221;false&#8221; rt_bg_effect=&#8221;classic&#8221; rt_bg_image_repeat=&#8221;repeat&#8221; rt_bg_size=&#8221;cover&#8221; rt_bg_position=&#8221;right top&#8221; rt_bg_attachment=&#8221;scroll&#8221; rt_bg_video_format=&#8221;self-hosted&#8221;][vc_column rt_wrp_col_paddings=&#8221;false&#8221; rt_border_top=&#8221;&#8221; rt_border_bottom=&#8221;&#8221; rt_border_left=&#8221;&#8221; rt_border_right=&#8221;&#8221; rt_border_top_mobile=&#8221;&#8221; rt_border_bottom_mobile=&#8221;&#8221; rt_border_left_mobile=&#8221;&#8221; rt_border_right_mobile=&#8221;&#8221; rt_bg_image_repeat=&#8221;repeat&#8221; rt_bg_size=&#8221;auto auto&#8221; rt_bg_position=&#8221;right [&hellip;]<\/p>\n","protected":false},"author":1,"featured_media":0,"parent":0,"menu_order":0,"comment_status":"closed","ping_status":"closed","template":"","meta":{"rs_blank_template":"","rs_page_bg_color":"","slide_template_v7":"","footnotes":""},"class_list":["post-2557","page","type-page","status-publish","hentry"],"_links":{"self":[{"href":"https:\/\/demo.turevmedya.com\/cukurovasilo\/wp-json\/wp\/v2\/pages\/2557","targetHints":{"allow":["GET"]}}],"collection":[{"href":"https:\/\/demo.turevmedya.com\/cukurovasilo\/wp-json\/wp\/v2\/pages"}],"about":[{"href":"https:\/\/demo.turevmedya.com\/cukurovasilo\/wp-json\/wp\/v2\/types\/page"}],"author":[{"embeddable":true,"href":"https:\/\/demo.turevmedya.com\/cukurovasilo\/wp-json\/wp\/v2\/users\/1"}],"replies":[{"embeddable":true,"href":"https:\/\/demo.turevmedya.com\/cukurovasilo\/wp-json\/wp\/v2\/comments?post=2557"}],"version-history":[{"count":123,"href":"https:\/\/demo.turevmedya.com\/cukurovasilo\/wp-json\/wp\/v2\/pages\/2557\/revisions"}],"predecessor-version":[{"id":3337,"href":"https:\/\/demo.turevmedya.com\/cukurovasilo\/wp-json\/wp\/v2\/pages\/2557\/revisions\/3337"}],"wp:attachment":[{"href":"https:\/\/demo.turevmedya.com\/cukurovasilo\/wp-json\/wp\/v2\/media?parent=2557"}],"curies":[{"name":"wp","href":"https:\/\/api.w.org\/{rel}","templated":true}]}}